{"id":527,"date":"2020-04-22T14:43:04","date_gmt":"2020-04-22T14:43:04","guid":{"rendered":"http:\/\/www.thebimshop.es\/bim\/?page_id=527"},"modified":"2020-04-22T17:48:20","modified_gmt":"2020-04-22T17:48:20","slug":"mep","status":"publish","type":"page","link":"http:\/\/www.thebimshop.es\/bim\/software-bim\/agacad\/mep\/","title":{"rendered":"MEP HANGERS AGACAD Soluciones BIM \/ Revit\u00ae"},"content":{"rendered":"\n<div class=\"is-layout-flex wp-container-3 wp-block-columns\">\n<div class=\"is-layout-flow wp-block-column\">\n<figure class=\"wp-block-image size-large\"><img decoding=\"async\" loading=\"lazy\" width=\"1024\" height=\"203\" src=\"http:\/\/www.thebimshop.es\/bim\/wp-content\/uploads\/2020\/04\/mep-hangers-agacad-1024x203.jpg\" alt=\"MEP AGACAD BIM para REVIT\" class=\"wp-image-518\" srcset=\"http:\/\/www.thebimshop.es\/bim\/wp-content\/uploads\/2020\/04\/mep-hangers-agacad-1024x203.jpg 1024w, http:\/\/www.thebimshop.es\/bim\/wp-content\/uploads\/2020\/04\/mep-hangers-agacad-300x59.jpg 300w, http:\/\/www.thebimshop.es\/bim\/wp-content\/uploads\/2020\/04\/mep-hangers-agacad-768x152.jpg 768w, http:\/\/www.thebimshop.es\/bim\/wp-content\/uploads\/2020\/04\/mep-hangers-agacad.jpg 1110w\" sizes=\"(max-width: 1024px) 100vw, 1024px\" \/><\/figure>\n<\/div>\n\n\n\n<div class=\"is-layout-flow wp-block-column\">\n<figure class=\"wp-block-image size-large\"><img decoding=\"async\" loading=\"lazy\" width=\"321\" height=\"122\" src=\"http:\/\/www.thebimshop.es\/bim\/wp-content\/uploads\/2020\/04\/AGACAD-logo-29-years_email-signature-transparent.png\" alt=\"AGACAD\" class=\"wp-image-512\" srcset=\"http:\/\/www.thebimshop.es\/bim\/wp-content\/uploads\/2020\/04\/AGACAD-logo-29-years_email-signature-transparent.png 321w, http:\/\/www.thebimshop.es\/bim\/wp-content\/uploads\/2020\/04\/AGACAD-logo-29-years_email-signature-transparent-300x114.png 300w\" sizes=\"(max-width: 321px) 100vw, 321px\" \/><\/figure>\n\n\n\n<figure class=\"wp-block-image size-large\"><img decoding=\"async\" loading=\"lazy\" width=\"218\" height=\"51\" src=\"http:\/\/www.thebimshop.es\/bim\/wp-content\/uploads\/2020\/04\/autodesk-authorized-developer.png\" alt=\"\" class=\"wp-image-511\"\/><\/figure>\n<\/div>\n<\/div>\n\n\n\n<p><strong>MEP HANGERS<\/strong><\/p>\n\n\n\n<p>Solicu\u00f3n para Revit\u00ae, el software permite la inserci\u00f3n instant\u00e1nea a gran escala de soportes y soportes en todo el modelo Revit\u00ae para conductos, tuber\u00edas, bandejas de cables y conductos.&nbsp;<\/p>\n\n\n\n<p>El software utiliza reglas simples pero altamente flexibles para seleccionar los sistemas Revit\u00ae MEP relevantes y agregar (o modificar) los soportes o soportes necesarios con sus diversas conexiones.&nbsp;Se pueden distribuir como un n\u00famero fijo por segmento o en funci\u00f3n de la distancia entre los puntos de apoyo.<\/p>\n\n\n\n<p>Los colgadores MEP pueden dividir conductos, tuber\u00edas, bandejas de cables y conductos en longitudes predefinidas seg\u00fan sea necesario, y marca todos los componentes de servicio para la fabricaci\u00f3n.&nbsp;Para precisi\u00f3n y eficiencia en el sitio, exporta puntos de apoyo a herramientas Trimble o TopCon y robots de perforaci\u00f3n.<\/p>\n\n\n\n<hr class=\"wp-block-separator\"\/>\n\n\n\n<div class=\"is-layout-flex wp-container-6 wp-block-columns\">\n<div class=\"is-layout-flow wp-block-column\">\n<h2>VIDEOS sobre MEP HANGERS<\/h2>\n<iframe loading=\"lazy\" width=\"560\" height=\"315\" src=\"https:\/\/www.youtube.com\/embed\/qTAUDzA211Q\" frameborder=\"0\" allow=\"accelerometer; autoplay; encrypted-media; gyroscope; picture-in-picture\" allowfullscreen=\"\"><\/iframe>\n<br>\n<iframe loading=\"lazy\" width=\"560\" height=\"315\" src=\"https:\/\/www.youtube.com\/embed\/j83jr0n_1DY\" frameborder=\"0\" allow=\"accelerometer; autoplay; encrypted-media; gyroscope; picture-in-picture\" allowfullscreen=\"\"><\/iframe>\n<\/div>\n\n\n\n<div class=\"is-layout-flow wp-block-column\">\n<h2>Pedido Online AGACAD<\/h2>\n\n\n\n<div class=\"wpcf7 no-js\" id=\"wpcf7-f509-o1\" lang=\"es-ES\" dir=\"ltr\">\n<div class=\"screen-reader-response\"><p role=\"status\" aria-live=\"polite\" aria-atomic=\"true\"><\/p> <ul><\/ul><\/div>\n<form action=\"\/bim\/wp-json\/wp\/v2\/pages\/527#wpcf7-f509-o1\" method=\"post\" class=\"wpcf7-form init\" aria-label=\"Formulario de contacto\" novalidate=\"novalidate\" data-status=\"init\">\n<div style=\"display: none;\">\n<input type=\"hidden\" name=\"_wpcf7\" value=\"509\" \/>\n<input type=\"hidden\" name=\"_wpcf7_version\" value=\"5.7.2\" \/>\n<input type=\"hidden\" name=\"_wpcf7_locale\" value=\"es_ES\" \/>\n<input type=\"hidden\" name=\"_wpcf7_unit_tag\" value=\"wpcf7-f509-o1\" \/>\n<input type=\"hidden\" name=\"_wpcf7_container_post\" value=\"0\" \/>\n<input type=\"hidden\" name=\"_wpcf7_posted_data_hash\" value=\"\" \/>\n<\/div>\n<p><label> Nombre y Apellidos (requerido)<br \/>\n<span class=\"wpcf7-form-control-wrap\" data-name=\"your-name\"><input size=\"40\" class=\"wpcf7-form-control wpcf7-text wpcf7-validates-as-required\" aria-required=\"true\" aria-invalid=\"false\" value=\"\" type=\"text\" name=\"your-name\" \/><\/span> <\/label>\n<\/p>\n<p><label> Su correo electr\u00f3nico (requerido)<br \/>\n<span class=\"wpcf7-form-control-wrap\" data-name=\"your-email\"><input size=\"40\" class=\"wpcf7-form-control wpcf7-text wpcf7-email wpcf7-validates-as-required wpcf7-validates-as-email\" aria-required=\"true\" aria-invalid=\"false\" value=\"\" type=\"email\" name=\"your-email\" \/><\/span> <\/label>\n<\/p>\n<p><label> Su tel\u00e9fono (requerido)<br \/>\n<span class=\"wpcf7-form-control-wrap\" data-name=\"tel-325\"><input size=\"40\" class=\"wpcf7-form-control wpcf7-text wpcf7-tel wpcf7-validates-as-required wpcf7-validates-as-tel\" aria-required=\"true\" aria-invalid=\"false\" value=\"\" type=\"tel\" name=\"tel-325\" \/><\/span> <\/label>\n<\/p>\n<p><label> Empresa:<br \/>\n<span class=\"wpcf7-form-control-wrap\" data-name=\"text-591\"><input size=\"40\" class=\"wpcf7-form-control wpcf7-text\" aria-invalid=\"false\" value=\"\" type=\"text\" name=\"text-591\" \/><\/span> <\/label>\n<\/p>\n<p><label> CIF\/NIF:<br \/>\n<span class=\"wpcf7-form-control-wrap\" data-name=\"text-256\"><input size=\"40\" class=\"wpcf7-form-control wpcf7-text wpcf7-validates-as-required\" aria-required=\"true\" aria-invalid=\"false\" value=\"\" type=\"text\" name=\"text-256\" \/><\/span> <\/label>\n<\/p>\n<p><label> Seleccione Software interesado\/s.<br \/>\n<span class=\"wpcf7-form-control-wrap\" data-name=\"menu-ACAGAD\"><select class=\"wpcf7-form-control wpcf7-select wpcf7-validates-as-required\" aria-required=\"true\" aria-invalid=\"false\" multiple=\"multiple\" name=\"menu-ACAGAD[]\"><option value=\"\">&#8212;Por favor, elige una opci\u00f3n&#8212;<\/option><option value=\"TR4 Suite AGACAD\">TR4 Suite AGACAD<\/option><option value=\"Smart Browser BIM Manager AGACAD\">Smart Browser BIM Manager AGACAD<\/option><option value=\"MEP Hangers AGACAD\">MEP Hangers AGACAD<\/option><option value=\"Metal Framing AGACAD\">Metal Framing AGACAD<\/option><option value=\"Wood Framing AGACAD\">Wood Framing AGACAD<\/option><option value=\"Precast Concrete AGACAD\">Precast Concrete AGACAD<\/option><option value=\"EXCEL2R AGACAD\">EXCEL2R AGACAD<\/option><option value=\"Otros - Indique en el MENSAJE\">Otros - Indique en el MENSAJE<\/option><\/select><\/span><br \/>\n<\/label>\n<\/p>\n<p><label> Asunto:<br \/>\n<span class=\"wpcf7-form-control-wrap\" data-name=\"your-subject\"><input size=\"40\" class=\"wpcf7-form-control wpcf7-text\" aria-invalid=\"false\" value=\"\" type=\"text\" name=\"your-subject\" \/><\/span> <\/label>\n<\/p>\n<p><label> Mensaje:<br \/>\n<span class=\"wpcf7-form-control-wrap\" data-name=\"your-message\"><textarea cols=\"40\" rows=\"10\" class=\"wpcf7-form-control wpcf7-textarea\" aria-invalid=\"false\" name=\"your-message\"><\/textarea><\/span> <\/label>\n<\/p>\n<p><input class=\"wpcf7-form-control has-spinner wpcf7-submit\" type=\"submit\" value=\"ENVIAR AHORA\" \/>\n<\/p><p style=\"display: none !important;\" class=\"akismet-fields-container\" data-prefix=\"_wpcf7_ak_\"><label>&#916;<textarea name=\"_wpcf7_ak_hp_textarea\" cols=\"45\" rows=\"8\" maxlength=\"100\"><\/textarea><\/label><input type=\"hidden\" id=\"ak_js_1\" name=\"_wpcf7_ak_js\" value=\"105\"\/><script>document.getElementById( \"ak_js_1\" ).setAttribute( \"value\", ( new Date() ).getTime() );<\/script><\/p><div class=\"wpcf7-response-output\" aria-hidden=\"true\"><\/div><\/form><\/div>\n<\/div>\n<\/div>\n\n\n\n<div class=\"is-layout-flow wp-block-group\"><div class=\"wp-block-group__inner-container\">\n<hr>\n<\/div><\/div>\n\n\n\n<div class=\"wp-block-image\"><figure class=\"aligncenter size-full\"><img decoding=\"async\" loading=\"lazy\" width=\"944\" height=\"824\" src=\"http:\/\/www.thebimshop.es\/bim\/wp-content\/uploads\/2020\/04\/tuberias-revit-1.png\" alt=\"Tuber\u00edas de ejemplo. MEP-Hangers AGACAD BIM \" class=\"wp-image-532\" srcset=\"http:\/\/www.thebimshop.es\/bim\/wp-content\/uploads\/2020\/04\/tuberias-revit-1.png 944w, http:\/\/www.thebimshop.es\/bim\/wp-content\/uploads\/2020\/04\/tuberias-revit-1-300x262.png 300w, http:\/\/www.thebimshop.es\/bim\/wp-content\/uploads\/2020\/04\/tuberias-revit-1-768x670.png 768w\" sizes=\"(max-width: 944px) 100vw, 944px\" \/><figcaption>Tuber\u00edas de ejemplo. MEP-Hangers AGACAD BIM<\/figcaption><\/figure><\/div>\n\n\n\n<p>Si tiene cientos o miles de soportes y soportes para insertar en su modelo Revit\u00ae, los soportes MEP son la soluci\u00f3n para usted:<\/p>\n\n\n\n<h3>Control del modelo BIM y detecci\u00f3n de conflictos<\/h3>\n\n\n\n<h3>Distribuya f\u00e1cilmente elementos de soporte en lugar de utilizar herramientas b\u00e1sicas de Revit\u00ae<\/h3>\n\n\n\n<ul><li>Distribuye autom\u00e1ticamente perchas y soportes a trav\u00e9s de un modelo Revit\u00ae para conductos, tuber\u00edas, bandejas de cables, conductos y familias de modelos gen\u00e9ricos basados \u200b\u200ben l\u00ednea.<\/li><li>Utiliza&nbsp;<strong>reglas<\/strong>&nbsp;predefinidas y&nbsp;<strong>personalizables<\/strong>&nbsp;para distribuir exactamente como lo necesita.<\/li><li>Ajusta autom\u00e1ticamente los soportes y soportes seg\u00fan el tama\u00f1o del servicio MEP.<\/li><li>Calcula&nbsp;<strong>los requisitos de resistencia de la percha<\/strong>&nbsp;.<\/li><li>Se conecta autom\u00e1ticamente a elementos arquitect\u00f3nicos o estructurales (como paredes, pisos, techos, vigas, etc.).<\/li><li>Se ajusta autom\u00e1ticamente para&nbsp;<strong>acomodar servicios MEP inclinados<\/strong>&nbsp;o elementos estructurales inclinados o planos de referencia del proyecto actual o vinculado.<\/li><li>Divide los servicios MEP en segmentos por longitudes predefinidas que provienen del fabricante.<\/li><li>Mejora el trabajo en equipo BIM y los resultados para la entrega&nbsp;<em>integrada de proyectos<\/em>&nbsp;(IPD).&nbsp;<strong>Funciona con archivos de formato IFC!<\/strong><\/li><li><strong>Generaci\u00f3n de dibujo con<\/strong>&nbsp;un solo clic&nbsp;.<\/li><li>Base de punto de gravedad seg\u00fan el material de suspensi\u00f3n.<\/li><\/ul>\n\n\n\n<p><a href=\"http:\/\/www.aga-cad.com\/products\/bim-solutions\/mep-engineering-smart-hangers\/faq\">Preguntas Frecuentes (Ingl\u00e9s)<\/a><\/p>\n\n\n\n<p>Puedes pedirnos una versi\u00f3n de prueba en el formulario online o un Webinar explicativo (en ingl\u00e9s) con los Ingenieros de AGACAD. <\/p>\n\n\n\n<p><a href=\"http:\/\/contacta\">Cualquier duda contacte ahora<\/a>!<\/p>\n","protected":false},"excerpt":{"rendered":"<p>MEP HANGERS Solicu\u00f3n para Revit\u00ae, el software permite la inserci\u00f3n instant\u00e1nea a gran escala de soportes y soportes en todo el modelo Revit\u00ae para conductos, tuber\u00edas, bandejas de cables y conductos.&nbsp; El software utiliza reglas simples pero altamente flexibles para seleccionar los sistemas Revit\u00ae MEP relevantes y agregar (o modificar) los soportes o soportes necesarios<br \/><a class=\"moretag\" href=\"http:\/\/www.thebimshop.es\/bim\/software-bim\/agacad\/mep\/\">+ M\u00e1s informaci\u00f3n<\/a><\/p>\n","protected":false},"author":1,"featured_media":0,"parent":476,"menu_order":0,"comment_status":"closed","ping_status":"closed","template":"template_parts\/page-fullwidth_template.php","meta":[],"yoast_head":"<!-- This site is optimized with the Yoast SEO plugin v19.13 - https:\/\/yoast.com\/wordpress\/plugins\/seo\/ -->\n<title>MEP HANGERS AGACAD Soluciones BIM \/ Revit\u00ae - theBIMshop.es<\/title>\n<meta name=\"robots\" content=\"index, follow, max-snippet:-1, max-image-preview:large, max-video-preview:-1\" \/>\n<link rel=\"canonical\" href=\"http:\/\/www.thebimshop.es\/bim\/software-bim\/agacad\/mep\/\" \/>\n<meta property=\"og:locale\" content=\"es_ES\" \/>\n<meta property=\"og:type\" content=\"article\" \/>\n<meta property=\"og:title\" content=\"MEP HANGERS AGACAD Soluciones BIM \/ Revit\u00ae - theBIMshop.es\" \/>\n<meta property=\"og:description\" content=\"MEP HANGERS Solicu\u00f3n para Revit\u00ae, el software permite la inserci\u00f3n instant\u00e1nea a gran escala de soportes y soportes en todo el modelo Revit\u00ae para conductos, tuber\u00edas, bandejas de cables y conductos.&nbsp; El software utiliza reglas simples pero altamente flexibles para seleccionar los sistemas Revit\u00ae MEP relevantes y agregar (o modificar) los soportes o soportes necesarios+ M\u00e1s informaci\u00f3n\" \/>\n<meta property=\"og:url\" content=\"http:\/\/www.thebimshop.es\/bim\/software-bim\/agacad\/mep\/\" \/>\n<meta property=\"og:site_name\" content=\"theBIMshop.es\" \/>\n<meta property=\"article:modified_time\" content=\"2020-04-22T17:48:20+00:00\" \/>\n<meta property=\"og:image\" content=\"http:\/\/www.thebimshop.es\/bim\/wp-content\/uploads\/2020\/04\/mep-hangers-agacad-1024x203.jpg\" \/>\n<meta name=\"twitter:card\" content=\"summary_large_image\" \/>\n<meta name=\"twitter:label1\" content=\"Tiempo de lectura\" \/>\n\t<meta name=\"twitter:data1\" content=\"2 minutos\" \/>\n<script type=\"application\/ld+json\" class=\"yoast-schema-graph\">{\"@context\":\"https:\/\/schema.org\",\"@graph\":[{\"@type\":\"WebPage\",\"@id\":\"http:\/\/www.thebimshop.es\/bim\/software-bim\/agacad\/mep\/\",\"url\":\"http:\/\/www.thebimshop.es\/bim\/software-bim\/agacad\/mep\/\",\"name\":\"MEP HANGERS AGACAD Soluciones BIM \/ Revit\u00ae - theBIMshop.es\",\"isPartOf\":{\"@id\":\"http:\/\/www.thebimshop.es\/bim\/#website\"},\"datePublished\":\"2020-04-22T14:43:04+00:00\",\"dateModified\":\"2020-04-22T17:48:20+00:00\",\"breadcrumb\":{\"@id\":\"http:\/\/www.thebimshop.es\/bim\/software-bim\/agacad\/mep\/#breadcrumb\"},\"inLanguage\":\"es\",\"potentialAction\":[{\"@type\":\"ReadAction\",\"target\":[\"http:\/\/www.thebimshop.es\/bim\/software-bim\/agacad\/mep\/\"]}]},{\"@type\":\"BreadcrumbList\",\"@id\":\"http:\/\/www.thebimshop.es\/bim\/software-bim\/agacad\/mep\/#breadcrumb\",\"itemListElement\":[{\"@type\":\"ListItem\",\"position\":1,\"name\":\"Home\",\"item\":\"http:\/\/www.thebimshop.es\/bim\/\"},{\"@type\":\"ListItem\",\"position\":2,\"name\":\"Software BIM\",\"item\":\"http:\/\/www.thebimshop.es\/bim\/software-bim\/\"},{\"@type\":\"ListItem\",\"position\":3,\"name\":\"AGACAD \u2013 Soluciones BIM \/ TR4 para Revit\u00ae\",\"item\":\"http:\/\/www.thebimshop.es\/bim\/software-bim\/agacad\/\"},{\"@type\":\"ListItem\",\"position\":4,\"name\":\"MEP HANGERS AGACAD Soluciones BIM \/ Revit\u00ae\"}]},{\"@type\":\"WebSite\",\"@id\":\"http:\/\/www.thebimshop.es\/bim\/#website\",\"url\":\"http:\/\/www.thebimshop.es\/bim\/\",\"name\":\"theBIMshop.es\",\"description\":\"La Tienda del BIM, Software, Cursos, Libros BIM, REVIT\",\"potentialAction\":[{\"@type\":\"SearchAction\",\"target\":{\"@type\":\"EntryPoint\",\"urlTemplate\":\"http:\/\/www.thebimshop.es\/bim\/?s={search_term_string}\"},\"query-input\":\"required name=search_term_string\"}],\"inLanguage\":\"es\"}]}<\/script>\n<!-- \/ Yoast SEO plugin. -->","yoast_head_json":{"title":"MEP HANGERS AGACAD Soluciones BIM \/ Revit\u00ae - theBIMshop.es","robots":{"index":"index","follow":"follow","max-snippet":"max-snippet:-1","max-image-preview":"max-image-preview:large","max-video-preview":"max-video-preview:-1"},"canonical":"http:\/\/www.thebimshop.es\/bim\/software-bim\/agacad\/mep\/","og_locale":"es_ES","og_type":"article","og_title":"MEP HANGERS AGACAD Soluciones BIM \/ Revit\u00ae - theBIMshop.es","og_description":"MEP HANGERS Solicu\u00f3n para Revit\u00ae, el software permite la inserci\u00f3n instant\u00e1nea a gran escala de soportes y soportes en todo el modelo Revit\u00ae para conductos, tuber\u00edas, bandejas de cables y conductos.&nbsp; El software utiliza reglas simples pero altamente flexibles para seleccionar los sistemas Revit\u00ae MEP relevantes y agregar (o modificar) los soportes o soportes necesarios+ M\u00e1s informaci\u00f3n","og_url":"http:\/\/www.thebimshop.es\/bim\/software-bim\/agacad\/mep\/","og_site_name":"theBIMshop.es","article_modified_time":"2020-04-22T17:48:20+00:00","og_image":[{"url":"http:\/\/www.thebimshop.es\/bim\/wp-content\/uploads\/2020\/04\/mep-hangers-agacad-1024x203.jpg"}],"twitter_card":"summary_large_image","twitter_misc":{"Tiempo de lectura":"2 minutos"},"schema":{"@context":"https:\/\/schema.org","@graph":[{"@type":"WebPage","@id":"http:\/\/www.thebimshop.es\/bim\/software-bim\/agacad\/mep\/","url":"http:\/\/www.thebimshop.es\/bim\/software-bim\/agacad\/mep\/","name":"MEP HANGERS AGACAD Soluciones BIM \/ Revit\u00ae - theBIMshop.es","isPartOf":{"@id":"http:\/\/www.thebimshop.es\/bim\/#website"},"datePublished":"2020-04-22T14:43:04+00:00","dateModified":"2020-04-22T17:48:20+00:00","breadcrumb":{"@id":"http:\/\/www.thebimshop.es\/bim\/software-bim\/agacad\/mep\/#breadcrumb"},"inLanguage":"es","potentialAction":[{"@type":"ReadAction","target":["http:\/\/www.thebimshop.es\/bim\/software-bim\/agacad\/mep\/"]}]},{"@type":"BreadcrumbList","@id":"http:\/\/www.thebimshop.es\/bim\/software-bim\/agacad\/mep\/#breadcrumb","itemListElement":[{"@type":"ListItem","position":1,"name":"Home","item":"http:\/\/www.thebimshop.es\/bim\/"},{"@type":"ListItem","position":2,"name":"Software BIM","item":"http:\/\/www.thebimshop.es\/bim\/software-bim\/"},{"@type":"ListItem","position":3,"name":"AGACAD \u2013 Soluciones BIM \/ TR4 para Revit\u00ae","item":"http:\/\/www.thebimshop.es\/bim\/software-bim\/agacad\/"},{"@type":"ListItem","position":4,"name":"MEP HANGERS AGACAD Soluciones BIM \/ Revit\u00ae"}]},{"@type":"WebSite","@id":"http:\/\/www.thebimshop.es\/bim\/#website","url":"http:\/\/www.thebimshop.es\/bim\/","name":"theBIMshop.es","description":"La Tienda del BIM, Software, Cursos, Libros BIM, REVIT","potentialAction":[{"@type":"SearchAction","target":{"@type":"EntryPoint","urlTemplate":"http:\/\/www.thebimshop.es\/bim\/?s={search_term_string}"},"query-input":"required name=search_term_string"}],"inLanguage":"es"}]}},"_links":{"self":[{"href":"http:\/\/www.thebimshop.es\/bim\/wp-json\/wp\/v2\/pages\/527"}],"collection":[{"href":"http:\/\/www.thebimshop.es\/bim\/wp-json\/wp\/v2\/pages"}],"about":[{"href":"http:\/\/www.thebimshop.es\/bim\/wp-json\/wp\/v2\/types\/page"}],"author":[{"embeddable":true,"href":"http:\/\/www.thebimshop.es\/bim\/wp-json\/wp\/v2\/users\/1"}],"replies":[{"embeddable":true,"href":"http:\/\/www.thebimshop.es\/bim\/wp-json\/wp\/v2\/comments?post=527"}],"version-history":[{"count":13,"href":"http:\/\/www.thebimshop.es\/bim\/wp-json\/wp\/v2\/pages\/527\/revisions"}],"predecessor-version":[{"id":546,"href":"http:\/\/www.thebimshop.es\/bim\/wp-json\/wp\/v2\/pages\/527\/revisions\/546"}],"up":[{"embeddable":true,"href":"http:\/\/www.thebimshop.es\/bim\/wp-json\/wp\/v2\/pages\/476"}],"wp:attachment":[{"href":"http:\/\/www.thebimshop.es\/bim\/wp-json\/wp\/v2\/media?parent=527"}],"curies":[{"name":"wp","href":"https:\/\/api.w.org\/{rel}","templated":true}]}}