{"id":46,"date":"2012-01-22T20:26:52","date_gmt":"2012-01-22T20:26:52","guid":{"rendered":"http:\/\/www.thebimshop.es\/bim\/?page_id=46"},"modified":"2016-12-01T09:56:07","modified_gmt":"2016-12-01T09:56:07","slug":"quick-table","status":"publish","type":"page","link":"http:\/\/www.thebimshop.es\/bim\/software-bim\/revit\/quick-table\/","title":{"rendered":"Quick Table"},"content":{"rendered":"<h1>Quick Table: Inserci\u00f3n de Tablas de Excel.<\/h1>\n<p><strong>Quick Table<\/strong>\u00a0&#8211; Esta extensi\u00f3n permite la inserci\u00f3n autom\u00e1tica de cualquier texto externo o dato num\u00e9rico y crea o actualiza una tabla en una vista de dise\u00f1o de Revit.<\/p>\n<p><strong>Quick Table<\/strong>\u00a0&#8211; Esta extensi\u00f3n permite la inserci\u00f3n autom\u00e1tica de cualquier texto externo o dato num\u00e9rico y crea o actualiza una tabla en una vista de dise\u00f1o de Revit.<\/p>\n<div><img decoding=\"async\" loading=\"lazy\" title=\"Quick Table\" alt=\"Quick   Table\" src=\"http:\/\/www.acercas.com\/images\/tools4revit\/QT2011.jpg\" width=\"248\" height=\"149\" align=\"right\" border=\"0\" \/><\/p>\n<div><strong>Caracter\u00edsticas de Quick Table:<\/strong><\/p>\n<ul>\n<li>Inserta cualquier dato externo y\/o num\u00e9rico;<\/li>\n<li>Tiene la posibilidad de cambiar los valores insertados;<\/li>\n<li>Es posible cambiar el orden de las columnas;<\/li>\n<li>Crea\/actualiza tablas en vistas de dise\u00f1o de Revit de acuerdo a las caracter\u00edsticas de la tabla seleccionada;<\/li>\n<li>Calcula totales si fuese necesario;<\/li>\n<li>Crea columnas adicionales con n\u00famero de f\u00edlas.<\/li>\n<\/ul>\n<\/div>\n<\/div>\n<div>\n<div>\n<h2><strong>V\u00eddeo promocional Quick Table<\/strong><\/h2>\n<ul>\n<li><a href=\"http:\/\/www.tools4revit.com\/quick-table\/video\/quick-table\" target=\"_blank\">Quick Table<\/a><\/li>\n<\/ul>\n<\/div>\n<div>\n<p><strong>Requerimientos del sistema<\/strong><br \/>\nLos mismos que para las versiones 32-bit o 64-bit de Autodesk Revit Architecture\/Structure<\/p>\n<p>Para solicitar una Versi\u00f3n de Prueba pulse\u00a0<a href=\"http:\/\/www.thebimshop.es\/demo.html\" target=\"_blank\">AQUI<\/a>.<\/p>\n<\/div>\n<\/div>\n","protected":false},"excerpt":{"rendered":"<p>Quick Table: Inserci\u00f3n de Tablas de Excel. Quick Table\u00a0&#8211; Esta extensi\u00f3n permite la inserci\u00f3n autom\u00e1tica de cualquier texto externo o dato num\u00e9rico y crea o actualiza una tabla en una vista de dise\u00f1o de Revit. Quick Table\u00a0&#8211; Esta extensi\u00f3n permite la inserci\u00f3n autom\u00e1tica de cualquier texto externo o dato num\u00e9rico y crea o actualiza una<br \/><a class=\"moretag\" href=\"http:\/\/www.thebimshop.es\/bim\/software-bim\/revit\/quick-table\/\">+ M\u00e1s informaci\u00f3n<\/a><\/p>\n","protected":false},"author":1,"featured_media":0,"parent":26,"menu_order":11,"comment_status":"open","ping_status":"open","template":"","meta":[],"yoast_head":"<!-- This site is optimized with the Yoast SEO plugin v19.13 - https:\/\/yoast.com\/wordpress\/plugins\/seo\/ -->\n<title>Quick Table - theBIMshop.es<\/title>\n<meta name=\"robots\" content=\"index, follow, max-snippet:-1, max-image-preview:large, max-video-preview:-1\" \/>\n<link rel=\"canonical\" href=\"http:\/\/www.thebimshop.es\/bim\/software-bim\/revit\/quick-table\/\" \/>\n<meta property=\"og:locale\" content=\"es_ES\" \/>\n<meta property=\"og:type\" content=\"article\" \/>\n<meta property=\"og:title\" content=\"Quick Table - theBIMshop.es\" \/>\n<meta property=\"og:description\" content=\"Quick Table: Inserci\u00f3n de Tablas de Excel. Quick Table\u00a0&#8211; Esta extensi\u00f3n permite la inserci\u00f3n autom\u00e1tica de cualquier texto externo o dato num\u00e9rico y crea o actualiza una tabla en una vista de dise\u00f1o de Revit. Quick Table\u00a0&#8211; Esta extensi\u00f3n permite la inserci\u00f3n autom\u00e1tica de cualquier texto externo o dato num\u00e9rico y crea o actualiza una+ M\u00e1s informaci\u00f3n\" \/>\n<meta property=\"og:url\" content=\"http:\/\/www.thebimshop.es\/bim\/software-bim\/revit\/quick-table\/\" \/>\n<meta property=\"og:site_name\" content=\"theBIMshop.es\" \/>\n<meta property=\"article:modified_time\" content=\"2016-12-01T09:56:07+00:00\" \/>\n<meta property=\"og:image\" content=\"http:\/\/www.acercas.com\/images\/tools4revit\/QT2011.jpg\" \/>\n<meta name=\"twitter:card\" content=\"summary_large_image\" \/>\n<meta name=\"twitter:label1\" content=\"Tiempo de lectura\" \/>\n\t<meta name=\"twitter:data1\" content=\"1 minuto\" \/>\n<script type=\"application\/ld+json\" class=\"yoast-schema-graph\">{\"@context\":\"https:\/\/schema.org\",\"@graph\":[{\"@type\":\"WebPage\",\"@id\":\"http:\/\/www.thebimshop.es\/bim\/software-bim\/revit\/quick-table\/\",\"url\":\"http:\/\/www.thebimshop.es\/bim\/software-bim\/revit\/quick-table\/\",\"name\":\"Quick Table - theBIMshop.es\",\"isPartOf\":{\"@id\":\"http:\/\/www.thebimshop.es\/bim\/#website\"},\"datePublished\":\"2012-01-22T20:26:52+00:00\",\"dateModified\":\"2016-12-01T09:56:07+00:00\",\"breadcrumb\":{\"@id\":\"http:\/\/www.thebimshop.es\/bim\/software-bim\/revit\/quick-table\/#breadcrumb\"},\"inLanguage\":\"es\",\"potentialAction\":[{\"@type\":\"ReadAction\",\"target\":[\"http:\/\/www.thebimshop.es\/bim\/software-bim\/revit\/quick-table\/\"]}]},{\"@type\":\"BreadcrumbList\",\"@id\":\"http:\/\/www.thebimshop.es\/bim\/software-bim\/revit\/quick-table\/#breadcrumb\",\"itemListElement\":[{\"@type\":\"ListItem\",\"position\":1,\"name\":\"Home\",\"item\":\"http:\/\/www.thebimshop.es\/bim\/\"},{\"@type\":\"ListItem\",\"position\":2,\"name\":\"Software BIM\",\"item\":\"http:\/\/www.thebimshop.es\/bim\/software-bim\/\"},{\"@type\":\"ListItem\",\"position\":3,\"name\":\"Revit &#8211; tools4revit\",\"item\":\"http:\/\/www.thebimshop.es\/bim\/software-bim\/revit\/\"},{\"@type\":\"ListItem\",\"position\":4,\"name\":\"Quick Table\"}]},{\"@type\":\"WebSite\",\"@id\":\"http:\/\/www.thebimshop.es\/bim\/#website\",\"url\":\"http:\/\/www.thebimshop.es\/bim\/\",\"name\":\"theBIMshop.es\",\"description\":\"La Tienda del BIM, Software, Cursos, Libros BIM, REVIT\",\"potentialAction\":[{\"@type\":\"SearchAction\",\"target\":{\"@type\":\"EntryPoint\",\"urlTemplate\":\"http:\/\/www.thebimshop.es\/bim\/?s={search_term_string}\"},\"query-input\":\"required name=search_term_string\"}],\"inLanguage\":\"es\"}]}<\/script>\n<!-- \/ Yoast SEO plugin. -->","yoast_head_json":{"title":"Quick Table - theBIMshop.es","robots":{"index":"index","follow":"follow","max-snippet":"max-snippet:-1","max-image-preview":"max-image-preview:large","max-video-preview":"max-video-preview:-1"},"canonical":"http:\/\/www.thebimshop.es\/bim\/software-bim\/revit\/quick-table\/","og_locale":"es_ES","og_type":"article","og_title":"Quick Table - theBIMshop.es","og_description":"Quick Table: Inserci\u00f3n de Tablas de Excel. Quick Table\u00a0&#8211; Esta extensi\u00f3n permite la inserci\u00f3n autom\u00e1tica de cualquier texto externo o dato num\u00e9rico y crea o actualiza una tabla en una vista de dise\u00f1o de Revit. Quick Table\u00a0&#8211; Esta extensi\u00f3n permite la inserci\u00f3n autom\u00e1tica de cualquier texto externo o dato num\u00e9rico y crea o actualiza una+ M\u00e1s informaci\u00f3n","og_url":"http:\/\/www.thebimshop.es\/bim\/software-bim\/revit\/quick-table\/","og_site_name":"theBIMshop.es","article_modified_time":"2016-12-01T09:56:07+00:00","og_image":[{"url":"http:\/\/www.acercas.com\/images\/tools4revit\/QT2011.jpg"}],"twitter_card":"summary_large_image","twitter_misc":{"Tiempo de lectura":"1 minuto"},"schema":{"@context":"https:\/\/schema.org","@graph":[{"@type":"WebPage","@id":"http:\/\/www.thebimshop.es\/bim\/software-bim\/revit\/quick-table\/","url":"http:\/\/www.thebimshop.es\/bim\/software-bim\/revit\/quick-table\/","name":"Quick Table - theBIMshop.es","isPartOf":{"@id":"http:\/\/www.thebimshop.es\/bim\/#website"},"datePublished":"2012-01-22T20:26:52+00:00","dateModified":"2016-12-01T09:56:07+00:00","breadcrumb":{"@id":"http:\/\/www.thebimshop.es\/bim\/software-bim\/revit\/quick-table\/#breadcrumb"},"inLanguage":"es","potentialAction":[{"@type":"ReadAction","target":["http:\/\/www.thebimshop.es\/bim\/software-bim\/revit\/quick-table\/"]}]},{"@type":"BreadcrumbList","@id":"http:\/\/www.thebimshop.es\/bim\/software-bim\/revit\/quick-table\/#breadcrumb","itemListElement":[{"@type":"ListItem","position":1,"name":"Home","item":"http:\/\/www.thebimshop.es\/bim\/"},{"@type":"ListItem","position":2,"name":"Software BIM","item":"http:\/\/www.thebimshop.es\/bim\/software-bim\/"},{"@type":"ListItem","position":3,"name":"Revit &#8211; tools4revit","item":"http:\/\/www.thebimshop.es\/bim\/software-bim\/revit\/"},{"@type":"ListItem","position":4,"name":"Quick Table"}]},{"@type":"WebSite","@id":"http:\/\/www.thebimshop.es\/bim\/#website","url":"http:\/\/www.thebimshop.es\/bim\/","name":"theBIMshop.es","description":"La Tienda del BIM, Software, Cursos, Libros BIM, REVIT","potentialAction":[{"@type":"SearchAction","target":{"@type":"EntryPoint","urlTemplate":"http:\/\/www.thebimshop.es\/bim\/?s={search_term_string}"},"query-input":"required name=search_term_string"}],"inLanguage":"es"}]}},"_links":{"self":[{"href":"http:\/\/www.thebimshop.es\/bim\/wp-json\/wp\/v2\/pages\/46"}],"collection":[{"href":"http:\/\/www.thebimshop.es\/bim\/wp-json\/wp\/v2\/pages"}],"about":[{"href":"http:\/\/www.thebimshop.es\/bim\/wp-json\/wp\/v2\/types\/page"}],"author":[{"embeddable":true,"href":"http:\/\/www.thebimshop.es\/bim\/wp-json\/wp\/v2\/users\/1"}],"replies":[{"embeddable":true,"href":"http:\/\/www.thebimshop.es\/bim\/wp-json\/wp\/v2\/comments?post=46"}],"version-history":[{"count":5,"href":"http:\/\/www.thebimshop.es\/bim\/wp-json\/wp\/v2\/pages\/46\/revisions"}],"predecessor-version":[{"id":317,"href":"http:\/\/www.thebimshop.es\/bim\/wp-json\/wp\/v2\/pages\/46\/revisions\/317"}],"up":[{"embeddable":true,"href":"http:\/\/www.thebimshop.es\/bim\/wp-json\/wp\/v2\/pages\/26"}],"wp:attachment":[{"href":"http:\/\/www.thebimshop.es\/bim\/wp-json\/wp\/v2\/media?parent=46"}],"curies":[{"name":"wp","href":"https:\/\/api.w.org\/{rel}","templated":true}]}}