{"id":412,"date":"2020-04-16T13:08:59","date_gmt":"2020-04-16T13:08:59","guid":{"rendered":"http:\/\/www.thebimshop.es\/bim\/?page_id=412"},"modified":"2021-02-25T15:53:14","modified_gmt":"2021-02-25T15:53:14","slug":"metrica","status":"publish","type":"page","link":"http:\/\/www.thebimshop.es\/bim\/software-bim\/metrica\/","title":{"rendered":"Metrica es Presupuestos y Mediciones con REVIT\u00ae"},"content":{"rendered":"\n<h2><span style=\"color: #ff0000;\">\u00bfQU\u00c9 ES METRICA?<\/span><\/h2>\n\n\n\n<h2>METRICA es un nuevo software para <strong>presupuestos y mediciones<\/strong> con Autodesk\u00ae Revit\u00ae<\/h2>\n<p>&nbsp;<\/p>\n<h3><span style=\"color: #ff0000;\">METRICA Presupuestos<\/span> \u25b6 Presupuestos con REVIT\u00ae<\/h3>\n<h3><span style=\"color: #ff0000;\">METRICA Mediciones<\/span> \u25b6 Mediciones con REVIT\u00ae<\/h3>\n<p>\n\n<h3>\n<a href=\"https:\/\/docs.google.com\/forms\/d\/e\/1FAIpQLSda50S6fIBjc7nPpxmqgtHJLyHEA6zYVEBpiAKkzhtFQm0vOQ\/viewform?usp=sf_link\" target=\"_blank\" rel=\"noopener noreferrer\">Est\u00e1s interesado en METRICA, pide aqu\u00ed una <strong>versi\u00f3n de PRUEBA GRATUITA<\/strong> de 30 d\u00edas ahora.<\/a>\n<\/h3><\/p>\n<p>&nbsp;<\/p>\n<div style=\"background-color: #ebfdff;\"><br>\n<h4 style=\"text-align: center;\">METRICA est\u00e1 disponible para los siguientes entornos: <br>Versiones de Autodesk\u00ae Revit\u00ae 2019, 2020 y 2021.<\/h4>\n<p style=\"padding-left: 40px;\">Opciones de adquisici\u00f3n:<\/p>\n<ul>\n<li style=\"list-style-type: none;\">\n<ul>\n<li>Licencia permanente.<\/li>\n<li>Licencia Alquiler Anual.<\/li>\n<li>Licencia Alquiler Mensual.<\/li>\n<li><strong>Instalador para la <a href=\"https:\/\/docs.google.com\/forms\/d\/e\/1FAIpQLSda50S6fIBjc7nPpxmqgtHJLyHEA6zYVEBpiAKkzhtFQm0vOQ\/viewform?usp=sf_link\" target=\"_blank\" rel=\"noopener noreferrer\">versi\u00f3n gratuita<\/a> de 30 d\u00edas.<\/strong><\/li>\n<\/ul>\n<\/li>\n<\/ul>\n<p>&nbsp;<\/p>\n<\/div>\n\n\n\n<p>METRICA es una soluci\u00f3n para mediciones con Autodesk\u00ae Revit\u00ae con un flujo de trabajo integrado donde la relaci\u00f3n de partidas se muestra junto al modelo en tiempo real permitiendo una colaboraci\u00f3n efectiva y progresiva.&nbsp;<\/p>\n\n\n\n<p>METRICA permite editar el presupuesto y modificar el modelo simult\u00e1neamente para asociar los componentes a m\u00faltiples partidas con distintos criterios de medici\u00f3n en un flujo de trabajo realista, sin necesidad de ninguna configuraci\u00f3n previa.&nbsp;<\/p>\n\n\n\n<blockquote class=\"wp-block-quote\"><p>Este proceso tiene 2 entornos de trabajo conectados en tiempo real: <strong>METRICA PRESUPUESTOS<\/strong> con REVIT\u00ae y <strong>METRICA MEDICIONES<\/strong> con REVIT\u00ae.<\/p><\/blockquote>\n\n\n\n<div class=\"wp-block-image\"><figure class=\"aligncenter size-full\"><img decoding=\"async\" loading=\"lazy\" width=\"900\" height=\"463\" src=\"http:\/\/www.thebimshop.es\/bim\/wp-content\/uploads\/2020\/04\/Metrica-mediciones-presupuestos-BIM-Revit.jpg\" alt=\"METRICA PRESUPUESTOS con  REVIT\u00ae y METRICA MEDICIONES con REVIT\u00ae\" class=\"wp-image-418\" srcset=\"http:\/\/www.thebimshop.es\/bim\/wp-content\/uploads\/2020\/04\/Metrica-mediciones-presupuestos-BIM-Revit.jpg 900w, http:\/\/www.thebimshop.es\/bim\/wp-content\/uploads\/2020\/04\/Metrica-mediciones-presupuestos-BIM-Revit-300x154.jpg 300w, http:\/\/www.thebimshop.es\/bim\/wp-content\/uploads\/2020\/04\/Metrica-mediciones-presupuestos-BIM-Revit-768x395.jpg 768w\" sizes=\"(max-width: 900px) 100vw, 900px\" \/><\/figure><\/div>\n\n\n\n<hr \/>\n<h2>\u00a0<\/h2>\n<h2><span style=\"color: #ff0000;\">\u00bfC\u00d3MO FUNCIONA METRICA?<\/span><\/h2>\n\n\n\n<figure class=\"wp-block-image size-large\"><img decoding=\"async\" loading=\"lazy\" width=\"1024\" height=\"656\" class=\"wp-image-421 aligncenter\" src=\"http:\/\/www.thebimshop.es\/bim\/wp-content\/uploads\/2020\/04\/Software-Metrica-en-Revit-1024x656.jpg\" alt=\"\" srcset=\"http:\/\/www.thebimshop.es\/bim\/wp-content\/uploads\/2020\/04\/Software-Metrica-en-Revit-1024x656.jpg 1024w, http:\/\/www.thebimshop.es\/bim\/wp-content\/uploads\/2020\/04\/Software-Metrica-en-Revit-300x192.jpg 300w, http:\/\/www.thebimshop.es\/bim\/wp-content\/uploads\/2020\/04\/Software-Metrica-en-Revit-768x492.jpg 768w, http:\/\/www.thebimshop.es\/bim\/wp-content\/uploads\/2020\/04\/Software-Metrica-en-Revit.jpg 1400w\" sizes=\"(max-width: 1024px) 100vw, 1024px\" \/>\n<figcaption>Funcionamiento de Metrica en el Software REVIT\u00ae<\/figcaption>\n<\/figure>\n\n\n\n<hr class=\"wp-block-separator\"\/>\n\n\n\n<p>&nbsp;<\/p>\n<h2><span style=\"color: #ff0000;\"><strong>METRICA PRESUPUESTOS para REVIT\u00ae<\/strong><\/span><\/h2>\n\n\n\n<p><strong>METRICA PRESUPUESTOS para REVIT\u00ae <\/strong>es una sencilla soluci\u00f3n de escritorio para confeccionar el presupuesto con un m\u00ednimo aprendizaje. No precisa de conocimientos de Autodesk\u00ae Revit\u00ae y tiene las siguientes funcionalidades.<\/p>\n\n\n\n<div class=\"is-layout-flex wp-container-3 wp-block-columns\">\n<div class=\"is-layout-flow wp-block-column\">\u00a0<\/div>\n\n\n\n<div class=\"is-layout-flow wp-block-column\">\u00a0<\/div>\n<\/div>\n\n\n\n<div class=\"is-layout-flex wp-container-6 wp-block-columns\">\n<div class=\"is-layout-flow wp-block-column\" style=\"flex-basis:66.66%\">\n<ul><li>Crear\/modificar en tiempo real el presupuesto sincronizado con Autodesk\u00ae Revit\u00ae.<\/li><li>Agrupar las mediciones seg\u00fan distintos criterios. (Nivel, Tipo, Zona)<\/li><li>Compatible con formato FIEBDC-3 y Microsoft\u00ae Excel.<\/li><li>Consultar en paralelo bases de precios comerciales en formato FIEBDC (BC3) durante la confecci\u00f3n del presupuesto.<\/li><li>Importar y Exportar presupuestos a otras aplicaciones comerciales de presupuestos.<\/li><li>Importar y actualizar mediciones de modelos con METRICA Revit\u00ae y METRICA Navisworks\u00ae.<\/li><\/ul>\n<\/div>\n\n\n\n<div class=\"is-layout-flow wp-block-column\" style=\"flex-basis:33.33%\">\n<figure class=\"wp-block-image size-large\"><img decoding=\"async\" loading=\"lazy\" width=\"600\" height=\"600\" src=\"http:\/\/www.thebimshop.es\/bim\/wp-content\/uploads\/2020\/04\/Metrica-Mediciones-BIM-con-Revit.jpg\" alt=\"METRICA Presupuestos para Autodesk\u00ae Revit\u00ae\" class=\"wp-image-431\" srcset=\"http:\/\/www.thebimshop.es\/bim\/wp-content\/uploads\/2020\/04\/Metrica-Mediciones-BIM-con-Revit.jpg 600w, http:\/\/www.thebimshop.es\/bim\/wp-content\/uploads\/2020\/04\/Metrica-Mediciones-BIM-con-Revit-300x300.jpg 300w, http:\/\/www.thebimshop.es\/bim\/wp-content\/uploads\/2020\/04\/Metrica-Mediciones-BIM-con-Revit-150x150.jpg 150w\" sizes=\"(max-width: 600px) 100vw, 600px\" \/><figcaption>METRICA Presupuestos para Autodesk\u00ae Revit\u00ae<\/figcaption><\/figure>\n<\/div>\n<\/div>\n\n\n\n<figure class=\"wp-block-image size-large\"><img decoding=\"async\" loading=\"lazy\" width=\"1024\" height=\"574\" src=\"http:\/\/www.thebimshop.es\/bim\/wp-content\/uploads\/2020\/04\/Presupuestos-BIM-Metrica-Revit-1024x574.jpg\" alt=\"\" class=\"wp-image-427\" srcset=\"http:\/\/www.thebimshop.es\/bim\/wp-content\/uploads\/2020\/04\/Presupuestos-BIM-Metrica-Revit-1024x574.jpg 1024w, http:\/\/www.thebimshop.es\/bim\/wp-content\/uploads\/2020\/04\/Presupuestos-BIM-Metrica-Revit-300x168.jpg 300w, http:\/\/www.thebimshop.es\/bim\/wp-content\/uploads\/2020\/04\/Presupuestos-BIM-Metrica-Revit-768x430.jpg 768w, http:\/\/www.thebimshop.es\/bim\/wp-content\/uploads\/2020\/04\/Presupuestos-BIM-Metrica-Revit.jpg 1201w\" sizes=\"(max-width: 1024px) 100vw, 1024px\" \/><figcaption>Ejemplo de funcionamiento de METRICA.<\/figcaption><\/figure>\n\n\n\n<hr class=\"wp-block-separator\"\/>\n\n\n\n<p>&nbsp;<\/p>\n<h2><span style=\"color: #ff0000;\"><strong>METRICA MEDICIONES para REVIT\u00ae<\/strong><\/span><\/h2>\n\n\n\n<p>METRICA Mediciones para REVIT\u00ae permite la visualizaci\u00f3n autom\u00e1tica de los cambios en el presupuesto simult\u00e1neamente con los componentes del modelo para mejorar la coordinaci\u00f3n entre el equipo de proyecto.<\/p>\n\n\n\n<div class=\"is-layout-flex wp-container-9 wp-block-columns\">\n<div class=\"is-layout-flow wp-block-column\" style=\"flex-basis:66.66%\">\n<ul><li>Asignaci\u00f3n <strong>M\u00faltiple partidas<\/strong> para cada Tipo\/Material del modelo.<\/li><li>Medici\u00f3n de <strong>todas las categor\u00edas<\/strong> Revit\u00ae.<\/li><li>Medici\u00f3n de <strong>ficheros vinculados.<\/strong><\/li><li>Descuento de huecos seg\u00fan criterios de medici\u00f3n para cada tipo de material.<\/li><li>Se pueden utilizar todos los par\u00e1metros (de proyecto, de familia o compartidos) de cualquier familia.<\/li><li>Formulas para calcular valores combinando par\u00e1metros.<\/li><li><strong>Mediciones de conductos<\/strong> seg\u00fan su tama\u00f1o.<\/li><li><strong>Mediciones de tuber\u00edas<\/strong> seg\u00fan su di\u00e1metro.<\/li><li><strong>Medici\u00f3n por fases<\/strong> directamente del modelo: derribo, obra nueva o certificaci\u00f3n.<\/li><li><strong>Sincroniza en tiempo real<\/strong> los cambios en el presupuesto y las mediciones del modelo.<\/li><li>No es necesario configurar par\u00e1metros compartidos, ficheros de configuraci\u00f3n o notas clave.<\/li><\/ul>\n\n\n\n<p>&nbsp;<\/p>\n<\/div>\n\n\n\n<div class=\"is-layout-flow wp-block-column\" style=\"flex-basis:33.33%\">\n<figure class=\"wp-block-image size-large\"><img decoding=\"async\" loading=\"lazy\" width=\"647\" height=\"647\" src=\"http:\/\/www.thebimshop.es\/bim\/wp-content\/uploads\/2020\/04\/Metrica-Mediciones-con-Revit-1.jpg\" alt=\"METRICA mediciones para Autodesk\u00ae Revit\u00ae\" class=\"wp-image-429\" srcset=\"http:\/\/www.thebimshop.es\/bim\/wp-content\/uploads\/2020\/04\/Metrica-Mediciones-con-Revit-1.jpg 647w, http:\/\/www.thebimshop.es\/bim\/wp-content\/uploads\/2020\/04\/Metrica-Mediciones-con-Revit-1-300x300.jpg 300w, http:\/\/www.thebimshop.es\/bim\/wp-content\/uploads\/2020\/04\/Metrica-Mediciones-con-Revit-1-150x150.jpg 150w\" sizes=\"(max-width: 647px) 100vw, 647px\" \/><figcaption>METRICA Mediciones para Autodesk\u00ae Revit\u00ae<\/figcaption><\/figure>\n<\/div>\n<\/div>\n\n\n\n<div class=\"wp-block-image\"><figure class=\"aligncenter size-large\"><img decoding=\"async\" loading=\"lazy\" width=\"1024\" height=\"574\" src=\"http:\/\/www.thebimshop.es\/bim\/wp-content\/uploads\/2020\/04\/Metrica-Mediciones-BIM-con-Revit-1-1-1024x574.jpg\" alt=\"\" class=\"wp-image-439\" srcset=\"http:\/\/www.thebimshop.es\/bim\/wp-content\/uploads\/2020\/04\/Metrica-Mediciones-BIM-con-Revit-1-1-1024x574.jpg 1024w, http:\/\/www.thebimshop.es\/bim\/wp-content\/uploads\/2020\/04\/Metrica-Mediciones-BIM-con-Revit-1-1-300x168.jpg 300w, http:\/\/www.thebimshop.es\/bim\/wp-content\/uploads\/2020\/04\/Metrica-Mediciones-BIM-con-Revit-1-1-768x430.jpg 768w, http:\/\/www.thebimshop.es\/bim\/wp-content\/uploads\/2020\/04\/Metrica-Mediciones-BIM-con-Revit-1-1.jpg 1201w\" sizes=\"(max-width: 1024px) 100vw, 1024px\" \/><figcaption>Metrica &#8211; Mediciones BIM Autodesk\u00ae Revit\u00ae<\/figcaption><\/figure><\/div>\n\n\n\n<hr class=\"wp-block-separator\"\/>\n\n\n\n<p>&nbsp;<\/p>\n<h2>FLUJOS DE TRABAJO CON METRICA \u00abInividual o Colaborativo\u00bb<\/h2>\n<p>&nbsp;<\/p>\n<h2><span style=\"color: #ff0000;\">FLUJOS DE TRABAJO COLABORATIVO<\/span><\/h2>\n\n\n\n<p><p>El responsable del presupuesto confecciona con METRICA PRESUPUESTO la relaci\u00f3n de partidas del presupuesto, ya sea por medio de una plantilla, fichero BC3 existente, seleccionando partidas de una base de precios o redactando cada partida ad-hoc.<\/p>\n<p>Se comparte el presupuesto con el equipo BIM mediante la red local o una carpeta compartida en la nube (BIM360, Dropbox, OneDrive, Drive).<\/p>\n<p>En METRICA REVIT\u00ae se visualiza el presupuesto <strong>AUTOMATICAMENTE<\/strong> para crear m\u00faltiples asociaciones entre las partidas y los <strong>TIPOS\/MATERIALES<\/strong> del modelo con la selecci\u00f3n de los par\u00e1metros correspondientes.<\/p>\n<p>Mientras tanto, el presupuesto <strong>se puede EDITAR creando nuevos Cap\u00edtulos o Partidas<\/strong> que se visualizan en METRICA REVIT\u00ae para extraer sus mediciones o modelar nuevos componentes omitidos.<\/p>\n<p>Mediante el Informe de Coordinaci\u00f3n se establece un proceso iterativo en equipo para verificar la correspondencia entre el presupuesto, las mediciones y los contenidos del modelo.<\/p><\/p>\n\n\n\n<hr class=\"wp-block-separator\"\/>\n\n\n\n<p>&nbsp;<\/p>\n<h2><span style=\"color: #ff0000;\">FLUJOS DE TRABAJO INDIVIDUAL<\/span><\/h2>\n\n\n\n<p><p>El proceso individual se diferencia del colaborativo en que ambas aplicaciones e ejecutan por el mismo usuario. <strong>METRICA PRESUPUESTO<\/strong> se ejecuta por el usuario en una ventana para confeccionar la relaci\u00f3n de partidas del presupuesto, ya sea por medio de una plantilla, fichero FIEBDC existente, copiando y pegando partidas de una base de precios o redactando cada precio. No es necesario cerrar la ventana Windows.<\/p>\n<p>En la ventana METRICA&nbsp;se establecen las m\u00faltiples asignaciones entre las <strong>PARTIDAS<\/strong> y los <strong>TIPOS\/MATERIALES<\/strong> del modelo seleccionando los par\u00e1metros adecuado a la unidad de medida y criterio de medici\u00f3n.<\/p>\n<p>Cambiando de ventana windows, se puede <strong>EDITAR<\/strong> el presupuesto creando nuevas Partidas que se visualizan en METRICA&nbsp;para continuar extrayendo mediciones o incorporando objetos al modelo.<\/p>\n<p>Por medio del <strong>Informe de Coordinaci\u00f3n<\/strong> el usuario auto- verifica la correspondencia entre el presupuesto, las mediciones y el modelo.<\/p><\/p>\n\n\n<p><\/p>\n<hr>\n<h3><a href=\"https:\/\/docs.google.com\/forms\/d\/e\/1FAIpQLSda50S6fIBjc7nPpxmqgtHJLyHEA6zYVEBpiAKkzhtFQm0vOQ\/viewform?usp=sf_link\">Si est\u00e1s interesado en METRICA, pide una <strong>versi\u00f3n de prueba gratuita<\/strong> de 30 d\u00edas ahora.<\/a><\/h3>\n<p>+ Informaci\u00f3n Tel. <a href=\"tel:0034651186088\">651186088<\/a><\/p>\n<p>Distribuidor Oficial de METRICA. Software de mediciones y presupuestos en BIM.<\/p>\n<p><iframe loading=\"lazy\" src=\"https:\/\/docs.google.com\/forms\/d\/e\/1FAIpQLSda50S6fIBjc7nPpxmqgtHJLyHEA6zYVEBpiAKkzhtFQm0vOQ\/viewform?embedded=true\" width=\"100%\" height=\"1900\" frameborder=\"0\" marginwidth=\"0\" marginheight=\"0\">Cargando\u2026<\/iframe><\/p>","protected":false},"excerpt":{"rendered":"<p>\u00bfQU\u00c9 ES METRICA? METRICA es un nuevo software para presupuestos y mediciones con Autodesk\u00ae Revit\u00ae &nbsp; METRICA Presupuestos \u25b6 Presupuestos con REVIT\u00ae METRICA Mediciones \u25b6 Mediciones con REVIT\u00ae Est\u00e1s interesado en METRICA, pide aqu\u00ed una versi\u00f3n de PRUEBA GRATUITA de 30 d\u00edas ahora. &nbsp; METRICA est\u00e1 disponible para los siguientes entornos: Versiones de Autodesk\u00ae Revit\u00ae<br \/><a class=\"moretag\" href=\"http:\/\/www.thebimshop.es\/bim\/software-bim\/metrica\/\">+ M\u00e1s informaci\u00f3n<\/a><\/p>\n","protected":false},"author":1,"featured_media":418,"parent":4,"menu_order":0,"comment_status":"closed","ping_status":"closed","template":"template_parts\/page-fullwidth_template.php","meta":[],"yoast_head":"<!-- This site is optimized with the Yoast SEO plugin v19.13 - https:\/\/yoast.com\/wordpress\/plugins\/seo\/ -->\n<title>Metrica es Presupuestos y Mediciones con REVIT\u00ae - theBIMshop.es<\/title>\n<meta name=\"robots\" content=\"index, follow, max-snippet:-1, max-image-preview:large, max-video-preview:-1\" \/>\n<link rel=\"canonical\" href=\"http:\/\/www.thebimshop.es\/bim\/software-bim\/metrica\/\" \/>\n<meta property=\"og:locale\" content=\"es_ES\" \/>\n<meta property=\"og:type\" content=\"article\" \/>\n<meta property=\"og:title\" content=\"Metrica es Presupuestos y Mediciones con REVIT\u00ae - theBIMshop.es\" \/>\n<meta property=\"og:description\" content=\"\u00bfQU\u00c9 ES METRICA? METRICA es un nuevo software para presupuestos y mediciones con Autodesk\u00ae Revit\u00ae &nbsp; METRICA Presupuestos \u25b6 Presupuestos con REVIT\u00ae METRICA Mediciones \u25b6 Mediciones con REVIT\u00ae Est\u00e1s interesado en METRICA, pide aqu\u00ed una versi\u00f3n de PRUEBA GRATUITA de 30 d\u00edas ahora. &nbsp; METRICA est\u00e1 disponible para los siguientes entornos: Versiones de Autodesk\u00ae Revit\u00ae+ M\u00e1s informaci\u00f3n\" \/>\n<meta property=\"og:url\" content=\"http:\/\/www.thebimshop.es\/bim\/software-bim\/metrica\/\" \/>\n<meta property=\"og:site_name\" content=\"theBIMshop.es\" \/>\n<meta property=\"article:modified_time\" content=\"2021-02-25T15:53:14+00:00\" \/>\n<meta property=\"og:image\" content=\"http:\/\/www.thebimshop.es\/bim\/wp-content\/uploads\/2020\/04\/Metrica-mediciones-presupuestos-BIM-Revit.jpg\" \/>\n\t<meta property=\"og:image:width\" content=\"900\" \/>\n\t<meta property=\"og:image:height\" content=\"463\" \/>\n\t<meta property=\"og:image:type\" content=\"image\/jpeg\" \/>\n<meta name=\"twitter:card\" content=\"summary_large_image\" \/>\n<meta name=\"twitter:label1\" content=\"Tiempo de lectura\" \/>\n\t<meta name=\"twitter:data1\" content=\"4 minutos\" \/>\n<script type=\"application\/ld+json\" class=\"yoast-schema-graph\">{\"@context\":\"https:\/\/schema.org\",\"@graph\":[{\"@type\":\"WebPage\",\"@id\":\"http:\/\/www.thebimshop.es\/bim\/software-bim\/metrica\/\",\"url\":\"http:\/\/www.thebimshop.es\/bim\/software-bim\/metrica\/\",\"name\":\"Metrica es Presupuestos y Mediciones con REVIT\u00ae - theBIMshop.es\",\"isPartOf\":{\"@id\":\"http:\/\/www.thebimshop.es\/bim\/#website\"},\"datePublished\":\"2020-04-16T13:08:59+00:00\",\"dateModified\":\"2021-02-25T15:53:14+00:00\",\"breadcrumb\":{\"@id\":\"http:\/\/www.thebimshop.es\/bim\/software-bim\/metrica\/#breadcrumb\"},\"inLanguage\":\"es\",\"potentialAction\":[{\"@type\":\"ReadAction\",\"target\":[\"http:\/\/www.thebimshop.es\/bim\/software-bim\/metrica\/\"]}]},{\"@type\":\"BreadcrumbList\",\"@id\":\"http:\/\/www.thebimshop.es\/bim\/software-bim\/metrica\/#breadcrumb\",\"itemListElement\":[{\"@type\":\"ListItem\",\"position\":1,\"name\":\"Home\",\"item\":\"http:\/\/www.thebimshop.es\/bim\/\"},{\"@type\":\"ListItem\",\"position\":2,\"name\":\"Software BIM\",\"item\":\"http:\/\/www.thebimshop.es\/bim\/software-bim\/\"},{\"@type\":\"ListItem\",\"position\":3,\"name\":\"Metrica es Presupuestos y Mediciones con REVIT\u00ae\"}]},{\"@type\":\"WebSite\",\"@id\":\"http:\/\/www.thebimshop.es\/bim\/#website\",\"url\":\"http:\/\/www.thebimshop.es\/bim\/\",\"name\":\"theBIMshop.es\",\"description\":\"La Tienda del BIM, Software, Cursos, Libros BIM, REVIT\",\"potentialAction\":[{\"@type\":\"SearchAction\",\"target\":{\"@type\":\"EntryPoint\",\"urlTemplate\":\"http:\/\/www.thebimshop.es\/bim\/?s={search_term_string}\"},\"query-input\":\"required name=search_term_string\"}],\"inLanguage\":\"es\"}]}<\/script>\n<!-- \/ Yoast SEO plugin. -->","yoast_head_json":{"title":"Metrica es Presupuestos y Mediciones con REVIT\u00ae - theBIMshop.es","robots":{"index":"index","follow":"follow","max-snippet":"max-snippet:-1","max-image-preview":"max-image-preview:large","max-video-preview":"max-video-preview:-1"},"canonical":"http:\/\/www.thebimshop.es\/bim\/software-bim\/metrica\/","og_locale":"es_ES","og_type":"article","og_title":"Metrica es Presupuestos y Mediciones con REVIT\u00ae - theBIMshop.es","og_description":"\u00bfQU\u00c9 ES METRICA? METRICA es un nuevo software para presupuestos y mediciones con Autodesk\u00ae Revit\u00ae &nbsp; METRICA Presupuestos \u25b6 Presupuestos con REVIT\u00ae METRICA Mediciones \u25b6 Mediciones con REVIT\u00ae Est\u00e1s interesado en METRICA, pide aqu\u00ed una versi\u00f3n de PRUEBA GRATUITA de 30 d\u00edas ahora. &nbsp; METRICA est\u00e1 disponible para los siguientes entornos: Versiones de Autodesk\u00ae Revit\u00ae+ M\u00e1s informaci\u00f3n","og_url":"http:\/\/www.thebimshop.es\/bim\/software-bim\/metrica\/","og_site_name":"theBIMshop.es","article_modified_time":"2021-02-25T15:53:14+00:00","og_image":[{"width":900,"height":463,"url":"http:\/\/www.thebimshop.es\/bim\/wp-content\/uploads\/2020\/04\/Metrica-mediciones-presupuestos-BIM-Revit.jpg","type":"image\/jpeg"}],"twitter_card":"summary_large_image","twitter_misc":{"Tiempo de lectura":"4 minutos"},"schema":{"@context":"https:\/\/schema.org","@graph":[{"@type":"WebPage","@id":"http:\/\/www.thebimshop.es\/bim\/software-bim\/metrica\/","url":"http:\/\/www.thebimshop.es\/bim\/software-bim\/metrica\/","name":"Metrica es Presupuestos y Mediciones con REVIT\u00ae - theBIMshop.es","isPartOf":{"@id":"http:\/\/www.thebimshop.es\/bim\/#website"},"datePublished":"2020-04-16T13:08:59+00:00","dateModified":"2021-02-25T15:53:14+00:00","breadcrumb":{"@id":"http:\/\/www.thebimshop.es\/bim\/software-bim\/metrica\/#breadcrumb"},"inLanguage":"es","potentialAction":[{"@type":"ReadAction","target":["http:\/\/www.thebimshop.es\/bim\/software-bim\/metrica\/"]}]},{"@type":"BreadcrumbList","@id":"http:\/\/www.thebimshop.es\/bim\/software-bim\/metrica\/#breadcrumb","itemListElement":[{"@type":"ListItem","position":1,"name":"Home","item":"http:\/\/www.thebimshop.es\/bim\/"},{"@type":"ListItem","position":2,"name":"Software BIM","item":"http:\/\/www.thebimshop.es\/bim\/software-bim\/"},{"@type":"ListItem","position":3,"name":"Metrica es Presupuestos y Mediciones con REVIT\u00ae"}]},{"@type":"WebSite","@id":"http:\/\/www.thebimshop.es\/bim\/#website","url":"http:\/\/www.thebimshop.es\/bim\/","name":"theBIMshop.es","description":"La Tienda del BIM, Software, Cursos, Libros BIM, REVIT","potentialAction":[{"@type":"SearchAction","target":{"@type":"EntryPoint","urlTemplate":"http:\/\/www.thebimshop.es\/bim\/?s={search_term_string}"},"query-input":"required name=search_term_string"}],"inLanguage":"es"}]}},"_links":{"self":[{"href":"http:\/\/www.thebimshop.es\/bim\/wp-json\/wp\/v2\/pages\/412"}],"collection":[{"href":"http:\/\/www.thebimshop.es\/bim\/wp-json\/wp\/v2\/pages"}],"about":[{"href":"http:\/\/www.thebimshop.es\/bim\/wp-json\/wp\/v2\/types\/page"}],"author":[{"embeddable":true,"href":"http:\/\/www.thebimshop.es\/bim\/wp-json\/wp\/v2\/users\/1"}],"replies":[{"embeddable":true,"href":"http:\/\/www.thebimshop.es\/bim\/wp-json\/wp\/v2\/comments?post=412"}],"version-history":[{"count":44,"href":"http:\/\/www.thebimshop.es\/bim\/wp-json\/wp\/v2\/pages\/412\/revisions"}],"predecessor-version":[{"id":609,"href":"http:\/\/www.thebimshop.es\/bim\/wp-json\/wp\/v2\/pages\/412\/revisions\/609"}],"up":[{"embeddable":true,"href":"http:\/\/www.thebimshop.es\/bim\/wp-json\/wp\/v2\/pages\/4"}],"wp:featuredmedia":[{"embeddable":true,"href":"http:\/\/www.thebimshop.es\/bim\/wp-json\/wp\/v2\/media\/418"}],"wp:attachment":[{"href":"http:\/\/www.thebimshop.es\/bim\/wp-json\/wp\/v2\/media?parent=412"}],"curies":[{"name":"wp","href":"https:\/\/api.w.org\/{rel}","templated":true}]}}