{"id":4,"date":"2012-01-22T19:09:45","date_gmt":"2012-01-22T19:09:45","guid":{"rendered":"http:\/\/www.thebimshop.es\/bim\/?page_id=4"},"modified":"2020-04-23T09:18:53","modified_gmt":"2020-04-23T09:18:53","slug":"software-bim","status":"publish","type":"page","link":"http:\/\/www.thebimshop.es\/bim\/software-bim\/","title":{"rendered":"Software BIM"},"content":{"rendered":"<p>Dispone de la m\u00e1s amplia red de Software BIM en Espa\u00f1ol a tu alcance a trav\u00e9s de theBIMshop. Tenemos acuerdos con empresas Espa\u00f1olas e Internacionales para la distribuci\u00f3n y venta, configuraci\u00f3n y soporte de Software BIM. Somos distribuidores Oficiales de: AGACAD, AUTODESK, Strucsoft Solutions, APLICAD, BIM Iberica y Micad.<\/p>\n<p><span style=\"color: #ff0000;\"><a style=\"color: #ff0000;\" href=\"http:\/\/www.thebimshop.es\/bim\/contacto\/\"><strong>Contacte<\/strong> aqu\u00ed para informaci\u00f3n comercial o t\u00e9cnico.<\/a><\/span><\/p>\n<p>Aplicaciones y Software BIM:<\/p>\n<ul>\n<li>\n<h3><a href=\"http:\/\/www.thebimshop.es\/bim\/software-bim\/autodesk\/\" target=\"_blank\" rel=\"noopener noreferrer\">AUTODESK: Autodesk Revit\u00ae \/ Navisworks\u00ae \/ AEC Collection\u00ae \/ Revit LT Suite\u00ae<\/a><\/h3>\n<\/li>\n<li>\n<h3><a href=\"http:\/\/www.thebimshop.es\/bim\/software-bim\/agacad\/\" target=\"_blank\" rel=\"noopener noreferrer\">AGACAD \u25b6 Soluciones BIM \/ TR4 para Revit\u00ae<\/a><\/h3>\n<\/li>\n<li>\n<h3><a href=\"http:\/\/www.thebimshop.es\/bim\/software-bim\/metrica\/\" target=\"_blank\" rel=\"noopener noreferrer\">METRICA \u25b6 PRESUPUESTOS Y MEDICIONES con Revit\u00ae<\/a><\/h3>\n<\/li>\n<li>\n<h3><a title=\"Gestproject \u2013 Software para organizaci\u00f3n, gesti\u00f3n, control y calidad\" href=\"http:\/\/www.thebimshop.es\/bim\/software-bim\/gestproject-software-para-organizacion-gestion-control-calidad\/\">Gestproject<\/a><\/h3>\n<\/li>\n<li>\n<h3><a title=\"ApliCAD\" href=\"http:\/\/www.thebimshop.es\/bim\/software-bim\/aplicad\/\">Aplicad<\/a><\/h3>\n<\/li>\n<\/ul>\n<blockquote><p><strong>M\u00e1s informaci\u00f3n y Ventas:<br \/>\n<\/strong>Tel.<strong>\u00a0651 18 60 88<br \/>\n<\/strong><a href=\"mailto:info@thebimshop.es\">info@thebimshop.es<\/a><\/p><\/blockquote>\n<p><div class=\"wpcf7 no-js\" id=\"wpcf7-f344-o1\" lang=\"es-ES\" dir=\"ltr\">\n<div class=\"screen-reader-response\"><p role=\"status\" aria-live=\"polite\" aria-atomic=\"true\"><\/p> <ul><\/ul><\/div>\n<form action=\"\/bim\/wp-json\/wp\/v2\/pages\/4#wpcf7-f344-o1\" method=\"post\" class=\"wpcf7-form init\" aria-label=\"Formulario de contacto\" novalidate=\"novalidate\" data-status=\"init\">\n<div style=\"display: none;\">\n<input type=\"hidden\" name=\"_wpcf7\" value=\"344\" \/>\n<input type=\"hidden\" name=\"_wpcf7_version\" value=\"5.7.2\" \/>\n<input type=\"hidden\" name=\"_wpcf7_locale\" value=\"es_ES\" \/>\n<input type=\"hidden\" name=\"_wpcf7_unit_tag\" value=\"wpcf7-f344-o1\" \/>\n<input type=\"hidden\" name=\"_wpcf7_container_post\" value=\"0\" \/>\n<input type=\"hidden\" name=\"_wpcf7_posted_data_hash\" value=\"\" \/>\n<\/div>\n<p><label> Nombre y Apellidos (requerido)<br \/>\n<span class=\"wpcf7-form-control-wrap\" data-name=\"your-name\"><input size=\"40\" class=\"wpcf7-form-control wpcf7-text wpcf7-validates-as-required\" aria-required=\"true\" aria-invalid=\"false\" value=\"\" type=\"text\" name=\"your-name\" \/><\/span> <\/label>\n<\/p>\n<p><label> Su correo electr\u00f3nico (requerido)<br \/>\n<span class=\"wpcf7-form-control-wrap\" data-name=\"your-email\"><input size=\"40\" class=\"wpcf7-form-control wpcf7-text wpcf7-email wpcf7-validates-as-required wpcf7-validates-as-email\" aria-required=\"true\" aria-invalid=\"false\" value=\"\" type=\"email\" name=\"your-email\" \/><\/span> <\/label>\n<\/p>\n<p><label> Su tel\u00e9fono (requerido)<br \/>\n<span class=\"wpcf7-form-control-wrap\" data-name=\"tel-325\"><input size=\"40\" class=\"wpcf7-form-control wpcf7-text wpcf7-tel wpcf7-validates-as-required wpcf7-validates-as-tel\" aria-required=\"true\" aria-invalid=\"false\" value=\"\" type=\"tel\" name=\"tel-325\" \/><\/span> <\/label>\n<\/p>\n<p><label> Empresa:<br \/>\n<span class=\"wpcf7-form-control-wrap\" data-name=\"text-591\"><input size=\"40\" class=\"wpcf7-form-control wpcf7-text wpcf7-validates-as-required\" aria-required=\"true\" aria-invalid=\"false\" value=\"\" type=\"text\" name=\"text-591\" \/><\/span> <\/label>\n<\/p>\n<p><label> Asunto:<br \/>\n<span class=\"wpcf7-form-control-wrap\" data-name=\"your-subject\"><input size=\"40\" class=\"wpcf7-form-control wpcf7-text\" aria-invalid=\"false\" value=\"\" type=\"text\" name=\"your-subject\" \/><\/span> <\/label>\n<\/p>\n<p><label> Software que Requiere:<br \/>\n<span class=\"wpcf7-form-control-wrap\" data-name=\"text-659\"><input size=\"40\" class=\"wpcf7-form-control wpcf7-text wpcf7-validates-as-required\" aria-required=\"true\" aria-invalid=\"false\" value=\"\" type=\"text\" name=\"text-659\" \/><\/span><br \/>\n<\/label>\n<\/p>\n<p><label> Mensaje:<br \/>\n<span class=\"wpcf7-form-control-wrap\" data-name=\"your-message\"><textarea cols=\"40\" rows=\"10\" class=\"wpcf7-form-control wpcf7-textarea\" aria-invalid=\"false\" name=\"your-message\"><\/textarea><\/span> <\/label>\n<\/p>\n<p>Al enviar el siguiente formulario el usuario: Da su Consentimiento y Aceptaci\u00f3n a la Pol\u00edtica de Privacidad.<br \/>\n<input class=\"wpcf7-form-control has-spinner wpcf7-submit\" type=\"submit\" value=\"ENVIAR AHORA\" \/>\n<\/p><p style=\"display: none !important;\" class=\"akismet-fields-container\" data-prefix=\"_wpcf7_ak_\"><label>&#916;<textarea name=\"_wpcf7_ak_hp_textarea\" cols=\"45\" rows=\"8\" maxlength=\"100\"><\/textarea><\/label><input type=\"hidden\" id=\"ak_js_1\" name=\"_wpcf7_ak_js\" value=\"16\"\/><script>document.getElementById( \"ak_js_1\" ).setAttribute( \"value\", ( new Date() ).getTime() );<\/script><\/p><div class=\"wpcf7-response-output\" aria-hidden=\"true\"><\/div><\/form><\/div><br \/>\n<img decoding=\"async\" src=\"http:\/\/www.thebimshop.es\/bimpubli.jpg\" alt=\"Software BIM\" \/><\/p>\n","protected":false},"excerpt":{"rendered":"<p>Dispone de la m\u00e1s amplia red de Software BIM en Espa\u00f1ol a tu alcance a trav\u00e9s de theBIMshop. Tenemos acuerdos con empresas Espa\u00f1olas e Internacionales para la distribuci\u00f3n y venta, configuraci\u00f3n y soporte de Software BIM. Somos distribuidores Oficiales de: AGACAD, AUTODESK, Strucsoft Solutions, APLICAD, BIM Iberica y Micad. Contacte aqu\u00ed para informaci\u00f3n comercial o<br \/><a class=\"moretag\" href=\"http:\/\/www.thebimshop.es\/bim\/software-bim\/\">+ M\u00e1s informaci\u00f3n<\/a><\/p>\n","protected":false},"author":1,"featured_media":251,"parent":0,"menu_order":1,"comment_status":"closed","ping_status":"closed","template":"template_parts\/page-fullwidth_template.php","meta":[],"yoast_head":"<!-- This site is optimized with the Yoast SEO plugin v19.13 - https:\/\/yoast.com\/wordpress\/plugins\/seo\/ -->\n<title>Software BIM - theBIMshop.es<\/title>\n<meta name=\"robots\" content=\"index, follow, max-snippet:-1, max-image-preview:large, max-video-preview:-1\" \/>\n<link rel=\"canonical\" href=\"http:\/\/www.thebimshop.es\/bim\/software-bim\/\" \/>\n<meta property=\"og:locale\" content=\"es_ES\" \/>\n<meta property=\"og:type\" content=\"article\" \/>\n<meta property=\"og:title\" content=\"Software BIM - theBIMshop.es\" \/>\n<meta property=\"og:description\" content=\"Dispone de la m\u00e1s amplia red de Software BIM en Espa\u00f1ol a tu alcance a trav\u00e9s de theBIMshop. Tenemos acuerdos con empresas Espa\u00f1olas e Internacionales para la distribuci\u00f3n y venta, configuraci\u00f3n y soporte de Software BIM. Somos distribuidores Oficiales de: AGACAD, AUTODESK, Strucsoft Solutions, APLICAD, BIM Iberica y Micad. Contacte aqu\u00ed para informaci\u00f3n comercial o+ M\u00e1s informaci\u00f3n\" \/>\n<meta property=\"og:url\" content=\"http:\/\/www.thebimshop.es\/bim\/software-bim\/\" \/>\n<meta property=\"og:site_name\" content=\"theBIMshop.es\" \/>\n<meta property=\"article:modified_time\" content=\"2020-04-23T09:18:53+00:00\" \/>\n<meta property=\"og:image\" content=\"http:\/\/www.thebimshop.es\/bim\/wp-content\/uploads\/2014\/04\/flujos1.jpg\" \/>\n\t<meta property=\"og:image:width\" content=\"833\" \/>\n\t<meta property=\"og:image:height\" content=\"661\" \/>\n\t<meta property=\"og:image:type\" content=\"image\/jpeg\" \/>\n<meta name=\"twitter:card\" content=\"summary_large_image\" \/>\n<meta name=\"twitter:label1\" content=\"Tiempo de lectura\" \/>\n\t<meta name=\"twitter:data1\" content=\"1 minuto\" \/>\n<script type=\"application\/ld+json\" class=\"yoast-schema-graph\">{\"@context\":\"https:\/\/schema.org\",\"@graph\":[{\"@type\":\"WebPage\",\"@id\":\"http:\/\/www.thebimshop.es\/bim\/software-bim\/\",\"url\":\"http:\/\/www.thebimshop.es\/bim\/software-bim\/\",\"name\":\"Software BIM - theBIMshop.es\",\"isPartOf\":{\"@id\":\"http:\/\/www.thebimshop.es\/bim\/#website\"},\"datePublished\":\"2012-01-22T19:09:45+00:00\",\"dateModified\":\"2020-04-23T09:18:53+00:00\",\"breadcrumb\":{\"@id\":\"http:\/\/www.thebimshop.es\/bim\/software-bim\/#breadcrumb\"},\"inLanguage\":\"es\",\"potentialAction\":[{\"@type\":\"ReadAction\",\"target\":[\"http:\/\/www.thebimshop.es\/bim\/software-bim\/\"]}]},{\"@type\":\"BreadcrumbList\",\"@id\":\"http:\/\/www.thebimshop.es\/bim\/software-bim\/#breadcrumb\",\"itemListElement\":[{\"@type\":\"ListItem\",\"position\":1,\"name\":\"Home\",\"item\":\"http:\/\/www.thebimshop.es\/bim\/\"},{\"@type\":\"ListItem\",\"position\":2,\"name\":\"Software BIM\"}]},{\"@type\":\"WebSite\",\"@id\":\"http:\/\/www.thebimshop.es\/bim\/#website\",\"url\":\"http:\/\/www.thebimshop.es\/bim\/\",\"name\":\"theBIMshop.es\",\"description\":\"La Tienda del BIM, Software, Cursos, Libros BIM, REVIT\",\"potentialAction\":[{\"@type\":\"SearchAction\",\"target\":{\"@type\":\"EntryPoint\",\"urlTemplate\":\"http:\/\/www.thebimshop.es\/bim\/?s={search_term_string}\"},\"query-input\":\"required name=search_term_string\"}],\"inLanguage\":\"es\"}]}<\/script>\n<!-- \/ Yoast SEO plugin. -->","yoast_head_json":{"title":"Software BIM - theBIMshop.es","robots":{"index":"index","follow":"follow","max-snippet":"max-snippet:-1","max-image-preview":"max-image-preview:large","max-video-preview":"max-video-preview:-1"},"canonical":"http:\/\/www.thebimshop.es\/bim\/software-bim\/","og_locale":"es_ES","og_type":"article","og_title":"Software BIM - theBIMshop.es","og_description":"Dispone de la m\u00e1s amplia red de Software BIM en Espa\u00f1ol a tu alcance a trav\u00e9s de theBIMshop. Tenemos acuerdos con empresas Espa\u00f1olas e Internacionales para la distribuci\u00f3n y venta, configuraci\u00f3n y soporte de Software BIM. Somos distribuidores Oficiales de: AGACAD, AUTODESK, Strucsoft Solutions, APLICAD, BIM Iberica y Micad. Contacte aqu\u00ed para informaci\u00f3n comercial o+ M\u00e1s informaci\u00f3n","og_url":"http:\/\/www.thebimshop.es\/bim\/software-bim\/","og_site_name":"theBIMshop.es","article_modified_time":"2020-04-23T09:18:53+00:00","og_image":[{"width":833,"height":661,"url":"http:\/\/www.thebimshop.es\/bim\/wp-content\/uploads\/2014\/04\/flujos1.jpg","type":"image\/jpeg"}],"twitter_card":"summary_large_image","twitter_misc":{"Tiempo de lectura":"1 minuto"},"schema":{"@context":"https:\/\/schema.org","@graph":[{"@type":"WebPage","@id":"http:\/\/www.thebimshop.es\/bim\/software-bim\/","url":"http:\/\/www.thebimshop.es\/bim\/software-bim\/","name":"Software BIM - theBIMshop.es","isPartOf":{"@id":"http:\/\/www.thebimshop.es\/bim\/#website"},"datePublished":"2012-01-22T19:09:45+00:00","dateModified":"2020-04-23T09:18:53+00:00","breadcrumb":{"@id":"http:\/\/www.thebimshop.es\/bim\/software-bim\/#breadcrumb"},"inLanguage":"es","potentialAction":[{"@type":"ReadAction","target":["http:\/\/www.thebimshop.es\/bim\/software-bim\/"]}]},{"@type":"BreadcrumbList","@id":"http:\/\/www.thebimshop.es\/bim\/software-bim\/#breadcrumb","itemListElement":[{"@type":"ListItem","position":1,"name":"Home","item":"http:\/\/www.thebimshop.es\/bim\/"},{"@type":"ListItem","position":2,"name":"Software BIM"}]},{"@type":"WebSite","@id":"http:\/\/www.thebimshop.es\/bim\/#website","url":"http:\/\/www.thebimshop.es\/bim\/","name":"theBIMshop.es","description":"La Tienda del BIM, Software, Cursos, Libros BIM, REVIT","potentialAction":[{"@type":"SearchAction","target":{"@type":"EntryPoint","urlTemplate":"http:\/\/www.thebimshop.es\/bim\/?s={search_term_string}"},"query-input":"required name=search_term_string"}],"inLanguage":"es"}]}},"_links":{"self":[{"href":"http:\/\/www.thebimshop.es\/bim\/wp-json\/wp\/v2\/pages\/4"}],"collection":[{"href":"http:\/\/www.thebimshop.es\/bim\/wp-json\/wp\/v2\/pages"}],"about":[{"href":"http:\/\/www.thebimshop.es\/bim\/wp-json\/wp\/v2\/types\/page"}],"author":[{"embeddable":true,"href":"http:\/\/www.thebimshop.es\/bim\/wp-json\/wp\/v2\/users\/1"}],"replies":[{"embeddable":true,"href":"http:\/\/www.thebimshop.es\/bim\/wp-json\/wp\/v2\/comments?post=4"}],"version-history":[{"count":25,"href":"http:\/\/www.thebimshop.es\/bim\/wp-json\/wp\/v2\/pages\/4\/revisions"}],"predecessor-version":[{"id":560,"href":"http:\/\/www.thebimshop.es\/bim\/wp-json\/wp\/v2\/pages\/4\/revisions\/560"}],"wp:featuredmedia":[{"embeddable":true,"href":"http:\/\/www.thebimshop.es\/bim\/wp-json\/wp\/v2\/media\/251"}],"wp:attachment":[{"href":"http:\/\/www.thebimshop.es\/bim\/wp-json\/wp\/v2\/media?parent=4"}],"curies":[{"name":"wp","href":"https:\/\/api.w.org\/{rel}","templated":true}]}}