{"id":180,"date":"2013-01-03T16:38:13","date_gmt":"2013-01-03T16:38:13","guid":{"rendered":"http:\/\/www.thebimshop.es\/bim\/?page_id=180"},"modified":"2021-02-25T15:48:14","modified_gmt":"2021-02-25T15:48:14","slug":"medit","status":"publish","type":"page","link":"http:\/\/www.thebimshop.es\/bim\/software-bim\/medit\/","title":{"rendered":"Medit Mediciones en BIM con REVIT"},"content":{"rendered":"<p><strong>\u00bfQu\u00e9 es <a title=\"BIM Iberica \u2013 Medit\" href=\"http:\/\/www.thebimshop.es\/bim\/software-bim\/bim-iberica-medit\/\">Medit<\/a>?<\/strong><\/p>\n<h2>MEDIT era un software o aplicaci\u00f3n para mediciones en BIM \/ Revit.<\/h2>\n<h3><span style=\"color: #ff0000;\">MEDIT YA NO EST\u00c1 OPERATIVO. <\/span><\/h3>\n<h3><a href=\"http:\/\/www.thebimshop.es\/bim\/software-bim\/metrica\/\"><span style=\"color: #008000;\">Puede visitar <\/span><strong><span style=\"color: #008000;\">METRICA<\/span>, EL NUEVO SOFTWARE DE MEDICIONES Y PRESUPUESTOS<\/strong><\/a><\/h3>\n<p>Medit es una extensi\u00f3n de Autodesk Revit creada por Bim Ib\u00e9rica para generar autom\u00e1ticamente las mediciones de los proyectos.<\/p>\n<p>Medit vincula los objetos del modelo Revit con partidas de bases de datos de precios de la construcci\u00f3n, y extrae las mediciones del proyecto en formato Excel o FIEBDC. Luego solo tienes que completar el presupuesto en tu aplicaci\u00f3n favorita.<\/p>\n<p>Las funcionalidades de Medit son operativas dentro de la propia sesi\u00f3n de trabajo de Revit\u00ab y cuenta con una interfaz de usuario optimizada para realizar estos enlaces. Esto permite al proyectista incorporar al modelo, de modo interactivo, las definiciones y coste de las partidas mientras se desarrolla el proyecto.<\/p>\n<p>El resultado es que las mediciones y el presupuesto de todas o alguna parte del proyecto siempre est\u00e1n disponibles instant\u00e1neamente, con los \u00faltimos cambios. Con apretar una tecla!!<\/p>\n<p>Medit revoluciona la elaboraci\u00f3n de los contenidos de los proyectos, estableciendo una correspondencia inequ\u00edvoca entre planos y mediciones\u00a0 nunca antes posible.<\/p>\n<p>Medit mejora la productividad de los proyectos al permitir :<\/p>\n<ul>\n<li>Un comienzo mas temprano de las mediciones y el presupuesto del proyecto<\/li>\n<li>Una coordinaci\u00f3n mas fiable de la informaci\u00f3n presupuestaria entre el equipo de proyecto.<\/li>\n<li>Una detecci\u00f3n y subsanaci\u00f3n de incongruencias en fase de elaboraci\u00f3n del proyecto<\/li>\n<li>La consulta instant\u00e1nea de los estados de mediciones de todo o de partes del proyecto<\/li>\n<\/ul>\n<p><strong>\u00bfC\u00f3mo funciona <a title=\"BIM Iberica \u2013 Medit\" href=\"http:\/\/www.thebimshop.es\/bim\/software-bim\/bim-iberica-medit\/\">Medit<\/a>?<\/strong><\/p>\n<p>Para las asignaciones Medit trabaja indistintamente con los Tipos, los Materiales o los acabados de las Habitaciones existentes en el Modelo REVIT:<\/p>\n<p>Los Tipos se organizan jer\u00e1rquicamente por Categor\u00edas Revit y Familias, con informaci\u00f3n sobre su Nivel e ID elemento.<br \/>\nLos Materiales se organizan jer\u00e1rquicamente a partir de los Tipos en los que intervienen.<\/p>\n<p>Con Medit el usuario organiza el Presupuesto din\u00e1micamente mediante Cap\u00edtulos a los que traslada los Ttipos del Modelo Revit. De esta manera el Presupuesto se actualiza autom\u00e1ticamente mediante las l\u00edneas de medici\u00f3n de los nuevos elementos y los nuevos Tipos que se van incorporando al Model Revit.<\/p>\n<p>El Presupuesto es axial un Modelo de Coste vinculado al Modelo Revit que aporta valiosa informaci\u00f3n desde las fases iniciales del proyecto hasta su finalizaci\u00f3n.<\/p>\n<p>Esto es especialmente eficaz cuando se combina Medit con la partici\u00f3n del Modelo Revit en subproyectos, haciendo que el trabajo en equipo sea altamente productivo.<\/p>\n<p>Medit puede cargar tantas Bases de Precios en formato FIEBDC-3 como se desee, de una manera c\u00f3moda y r\u00e1pida.<br \/>\nSi el usuario lo desea tambi\u00e9n puede hacer una preselecci\u00f3n de partidas para el presupuesto y cargarlo en Medit. De esta manera puede disponer del 80 0 90% de las partidas previsibles y a\u00f1adir las que falten desde otras bases de precios.<br \/>\nLas bases de precios cargadas en Medit se pueden editar, modificando los textos de sus definiciones y guardarse para uso en otros presupuestos.<br \/>\nLas partidas seleccionadas tambi\u00e9n se pueden editar una vez incorporadas al presupuesto, para su uso especifico para una vez.<\/p>\n<p>Medit exporta toda la informaci\u00f3n vinculada entre el Modelo Revit y el Modelo de Coste a otros formatos:<\/p>\n<ul>\n<li><strong>FIEBDC-3<\/strong>: El presupuesto se importa a todos las aplicaciones comerciales de Mediciones y Presupuestos (Menfis, Presto, etc) para continuar con su edici\u00f3n para las labores de Justificaci\u00f3n de precios y Medios auxiliares que no han sido reflejados en el Modelo Revit.<\/li>\n<li><strong>EXCEL<\/strong>: El Modelo de Coste se puede exportar a Excel en cualquier momento, generando un Libro Excel de 3 Hojas con el Presupuesto Completo(Descripciones completas con l\u00edneas de medici\u00f3n), el Presupuesto Resumido (Resumen de Partidas sin l\u00edneas de medici\u00f3n) y el Resumen de Cap\u00edtulos. Todas las hojas de Excel tienen campos calculados, por lo que el usuario puede modificar el precio o la medici\u00f3n o a\u00f1adir partidas, obteniendo el presupuesto total actualizado.<\/li>\n<li><strong>NOTAS CLAVE<\/strong>: Medit genera un fichero de Notas Clave con el mismo nombre del fichero Revit para que el usuario pueda anotar mediante Notas Clave los elementos o materiales del modelo con la misma numeraci\u00f3n y denominaci\u00f3n que las partidas del presupuesto.<\/li>\n<li><strong>FACTORIZACION<\/strong>: Medit permite al usuario factorizar las mediciones, de manera que las mediciones de longitud, superficie o volumen se convierten f\u00e1cilmente a Peso o Cantidades unitarias de material. Por ejemplo, la superficie en m2 de Ladrillo Cara Vista factorizado a 36 ladrillos\/m2 da como resultado de la medici\u00f3n el numero de unidades de Ladrillo Cara Vista a emplear en la obra.<\/li>\n<\/ul>\n<blockquote><p><strong>\u00bfNovedades de Medit 2015?<\/strong><\/p>\n<p>Como novedades respecto de la versi\u00f3n 2013.v3 te indicamos :<\/p>\n<p><strong>DEL NAVEGADOR DE TIPOS<\/strong><\/p>\n<ul>\n<li>\u00c1reas: Se muestran en el \u00e1rbol de elementos con su nombre, lo cual permite organizar mejor los presupuestos con precios funcionales y agrupadas por esquemas de Area.<\/li>\n<li>Topograf\u00eda: Tambi\u00e9n se muestran en el \u00e1rbol con su nombre.<\/li>\n<li>Conductos: Se muestran ordenados en Redondos, Rectangulares y Ovalados.<\/li>\n<li>Excluir Nodo del Presupuesto : Evita duplicidades en proyectos federados donde se han copiado elementos de ficheros vinculados para su supervisi\u00f3n.<\/li>\n<\/ul>\n<p><strong>DEL NAVEGADOR DE MATERIALES<\/strong><\/p>\n<ul>\n<li>Pinturas: Se muestran los materiales aplicados con el comando Pintura<\/li>\n<li>Piezas: Para los elementos compuestos que se hayan convertido a piezas se pueden obtener la medicion de la pieza si esta es distinta del elemento original.<\/li>\n<\/ul>\n<p><strong>DEL NAVEGADOR DE HABITACIONES<\/strong><\/p>\n<ul>\n<li>Acabados: Esta funcionalidad tiene tanto \u00e9xito que no la hemos podido mejorar!<\/li>\n<\/ul>\n<p><strong>DEL MENU GENERAR<\/strong><\/p>\n<ul>\n<li>Exporta NAVIS: \u00a0Esta funci\u00f3n te permite exportar a Navisworks los Conjuntos de Selecci\u00f3n de las partidas del presupuesto, organizado por cap\u00edtulos.<\/li>\n<li>Notas Clave: El usuario puede generar la nota clave por Numero de Partida o por Codigo FIEBDC. Muy \u00fatil para mejorar la referencia cruzada entre los documentos del proyecto.<\/li>\n<li>Opciones de Dise\u00f1o : Puedes exportar selectivamente la medici\u00f3n de los elementos del Modelo Base combinados con los de la opci\u00f3n de dise\u00f1o que selecciones.<\/li>\n<\/ul>\n<p><strong>DEL ARBOL DE CAPITULOS<\/strong><\/p>\n<ul>\n<li>Partida Numero: Se agrupan bajo el mismo n\u00famero de partida los distintos Tipos\/Materiales\/Acabados que tengan asignada la misma partida. Este n\u00famero de partida se puede cambiar en las tablas de planificaci\u00f3n para poder mejorar la referencia cruzada entre el modelo y el presupuesto.<\/li>\n<\/ul>\n<p><strong>CONFIGURADOR HUECOS<\/strong><\/p>\n<ul>\n<li>Para el descuento selectivo de huecos en muros: Ahora t\u00fa decides a partir de qu\u00e9 valor se descuentan los huecos en muros. Menu Configuraci\u00f3n: Configurador Huecos.<\/li>\n<\/ul>\n<p><strong>RAPIDEZ<\/strong><\/p>\n<ul>\n<li>Mediante algunos cambios que hemos realizado, Medit es especialmente r\u00e1pido con modelos grandes.<\/li>\n<\/ul>\n<\/blockquote>\n<p>Descargate\u00a0<a href=\"http:\/\/www.bimiberica.es\/descargas\/InstalacionMEDIT.pdf\" target=\"_blank\" rel=\"noopener\">aqu\u00ed<\/a>\u00a0el manual de instalaci\u00f3n en formato PDF.<\/p>\n<p>VIDEOS: Mediciones con\u00a0<strong>MEDIT<\/strong><br \/>\nParte 1\u00ba<br \/>\n<iframe loading=\"lazy\" src=\"http:\/\/www.youtube.com\/embed\/LQmHgaxtN_g?rel=0\" width=\"560\" height=\"315\" frameborder=\"0\"><\/iframe><\/p>\n<p>Parte 2\u00ba<br \/>\n<iframe loading=\"lazy\" src=\"http:\/\/www.youtube.com\/embed\/r6MfWxKO4Kw?rel=0\" width=\"560\" height=\"315\" frameborder=\"0\"><\/iframe><\/p>\n<p>Parte 3\u00ba<br \/>\n<iframe loading=\"lazy\" src=\"http:\/\/www.youtube.com\/embed\/s3vcrmVvYkM?rel=0\" width=\"560\" height=\"315\" frameborder=\"0\"><\/iframe><\/p>\n<div id=\":28\" dir=\"ltr\">Entre en <span style=\"color: #008000;\">DEMO <\/span>para Obtener una licencia de prueba.<\/div>\n<div id=\":29\" dir=\"ltr\">Entre en <span style=\"color: #0000ff;\">COMPRA <\/span>para Obtener una licencia de uso.<\/div>\n<ul>\n<li style=\"list-style-type: none;\">\n<ul>\n<li>\n<h3><a href=\"http:\/\/www.thebimshop.es\/bim\/software-bim\/metrica\/\"><span style=\"color: #008000;\">Puede visitar <\/span><strong><span style=\"color: #008000;\">METRICA<\/span>, EL NUEVO SOFTWARE DE MEDICIONES Y PRESUPUESTOS<\/strong><\/a><\/h3>\n<\/li>\n<\/ul>\n<\/li>\n<\/ul>\n<p><strong>M\u00e1s informaci\u00f3n y Ventas:<br \/>\n<\/strong>Tel.<strong>\u00a0651 18 60 88<br \/>\n<\/strong><a href=\"mailto:info@thebimshop.es\">info@thebimshop.es<\/a><\/p>\n<ul>\n<li>Somos Distribuidores Oficiales de: <a href=\"http:\/\/www.thebimshop.es\/bim\/software-bim\/metrica\/\"><strong>Metrica<\/strong><\/a><\/li>\n<\/ul>\n","protected":false},"excerpt":{"rendered":"<p>\u00bfQu\u00e9 es Medit? MEDIT era un software o aplicaci\u00f3n para mediciones en BIM \/ Revit. MEDIT YA NO EST\u00c1 OPERATIVO. Puede visitar METRICA, EL NUEVO SOFTWARE DE MEDICIONES Y PRESUPUESTOS Medit es una extensi\u00f3n de Autodesk Revit creada por Bim Ib\u00e9rica para generar autom\u00e1ticamente las mediciones de los proyectos. Medit vincula los objetos del modelo<br \/><a class=\"moretag\" href=\"http:\/\/www.thebimshop.es\/bim\/software-bim\/medit\/\">+ M\u00e1s informaci\u00f3n<\/a><\/p>\n","protected":false},"author":1,"featured_media":0,"parent":4,"menu_order":3,"comment_status":"closed","ping_status":"open","template":"","meta":[],"yoast_head":"<!-- This site is optimized with the Yoast SEO plugin v19.13 - https:\/\/yoast.com\/wordpress\/plugins\/seo\/ -->\n<title>Medit Mediciones en BIM con REVIT - theBIMshop.es<\/title>\n<meta name=\"robots\" content=\"index, follow, max-snippet:-1, max-image-preview:large, max-video-preview:-1\" \/>\n<link rel=\"canonical\" href=\"http:\/\/www.thebimshop.es\/bim\/software-bim\/medit\/\" \/>\n<meta property=\"og:locale\" content=\"es_ES\" \/>\n<meta property=\"og:type\" content=\"article\" \/>\n<meta property=\"og:title\" content=\"Medit Mediciones en BIM con REVIT - theBIMshop.es\" \/>\n<meta property=\"og:description\" content=\"\u00bfQu\u00e9 es Medit? MEDIT era un software o aplicaci\u00f3n para mediciones en BIM \/ Revit. MEDIT YA NO EST\u00c1 OPERATIVO. Puede visitar METRICA, EL NUEVO SOFTWARE DE MEDICIONES Y PRESUPUESTOS Medit es una extensi\u00f3n de Autodesk Revit creada por Bim Ib\u00e9rica para generar autom\u00e1ticamente las mediciones de los proyectos. Medit vincula los objetos del modelo+ M\u00e1s informaci\u00f3n\" \/>\n<meta property=\"og:url\" content=\"http:\/\/www.thebimshop.es\/bim\/software-bim\/medit\/\" \/>\n<meta property=\"og:site_name\" content=\"theBIMshop.es\" \/>\n<meta property=\"article:modified_time\" content=\"2021-02-25T15:48:14+00:00\" \/>\n<meta name=\"twitter:card\" content=\"summary_large_image\" \/>\n<meta name=\"twitter:label1\" content=\"Tiempo de lectura\" \/>\n\t<meta name=\"twitter:data1\" content=\"6 minutos\" \/>\n<script type=\"application\/ld+json\" class=\"yoast-schema-graph\">{\"@context\":\"https:\/\/schema.org\",\"@graph\":[{\"@type\":\"WebPage\",\"@id\":\"http:\/\/www.thebimshop.es\/bim\/software-bim\/medit\/\",\"url\":\"http:\/\/www.thebimshop.es\/bim\/software-bim\/medit\/\",\"name\":\"Medit Mediciones en BIM con REVIT - theBIMshop.es\",\"isPartOf\":{\"@id\":\"http:\/\/www.thebimshop.es\/bim\/#website\"},\"datePublished\":\"2013-01-03T16:38:13+00:00\",\"dateModified\":\"2021-02-25T15:48:14+00:00\",\"breadcrumb\":{\"@id\":\"http:\/\/www.thebimshop.es\/bim\/software-bim\/medit\/#breadcrumb\"},\"inLanguage\":\"es\",\"potentialAction\":[{\"@type\":\"ReadAction\",\"target\":[\"http:\/\/www.thebimshop.es\/bim\/software-bim\/medit\/\"]}]},{\"@type\":\"BreadcrumbList\",\"@id\":\"http:\/\/www.thebimshop.es\/bim\/software-bim\/medit\/#breadcrumb\",\"itemListElement\":[{\"@type\":\"ListItem\",\"position\":1,\"name\":\"Home\",\"item\":\"http:\/\/www.thebimshop.es\/bim\/\"},{\"@type\":\"ListItem\",\"position\":2,\"name\":\"Software BIM\",\"item\":\"http:\/\/www.thebimshop.es\/bim\/software-bim\/\"},{\"@type\":\"ListItem\",\"position\":3,\"name\":\"Medit Mediciones en BIM con REVIT\"}]},{\"@type\":\"WebSite\",\"@id\":\"http:\/\/www.thebimshop.es\/bim\/#website\",\"url\":\"http:\/\/www.thebimshop.es\/bim\/\",\"name\":\"theBIMshop.es\",\"description\":\"La Tienda del BIM, Software, Cursos, Libros BIM, REVIT\",\"potentialAction\":[{\"@type\":\"SearchAction\",\"target\":{\"@type\":\"EntryPoint\",\"urlTemplate\":\"http:\/\/www.thebimshop.es\/bim\/?s={search_term_string}\"},\"query-input\":\"required name=search_term_string\"}],\"inLanguage\":\"es\"}]}<\/script>\n<!-- \/ Yoast SEO plugin. -->","yoast_head_json":{"title":"Medit Mediciones en BIM con REVIT - theBIMshop.es","robots":{"index":"index","follow":"follow","max-snippet":"max-snippet:-1","max-image-preview":"max-image-preview:large","max-video-preview":"max-video-preview:-1"},"canonical":"http:\/\/www.thebimshop.es\/bim\/software-bim\/medit\/","og_locale":"es_ES","og_type":"article","og_title":"Medit Mediciones en BIM con REVIT - theBIMshop.es","og_description":"\u00bfQu\u00e9 es Medit? MEDIT era un software o aplicaci\u00f3n para mediciones en BIM \/ Revit. MEDIT YA NO EST\u00c1 OPERATIVO. Puede visitar METRICA, EL NUEVO SOFTWARE DE MEDICIONES Y PRESUPUESTOS Medit es una extensi\u00f3n de Autodesk Revit creada por Bim Ib\u00e9rica para generar autom\u00e1ticamente las mediciones de los proyectos. Medit vincula los objetos del modelo+ M\u00e1s informaci\u00f3n","og_url":"http:\/\/www.thebimshop.es\/bim\/software-bim\/medit\/","og_site_name":"theBIMshop.es","article_modified_time":"2021-02-25T15:48:14+00:00","twitter_card":"summary_large_image","twitter_misc":{"Tiempo de lectura":"6 minutos"},"schema":{"@context":"https:\/\/schema.org","@graph":[{"@type":"WebPage","@id":"http:\/\/www.thebimshop.es\/bim\/software-bim\/medit\/","url":"http:\/\/www.thebimshop.es\/bim\/software-bim\/medit\/","name":"Medit Mediciones en BIM con REVIT - theBIMshop.es","isPartOf":{"@id":"http:\/\/www.thebimshop.es\/bim\/#website"},"datePublished":"2013-01-03T16:38:13+00:00","dateModified":"2021-02-25T15:48:14+00:00","breadcrumb":{"@id":"http:\/\/www.thebimshop.es\/bim\/software-bim\/medit\/#breadcrumb"},"inLanguage":"es","potentialAction":[{"@type":"ReadAction","target":["http:\/\/www.thebimshop.es\/bim\/software-bim\/medit\/"]}]},{"@type":"BreadcrumbList","@id":"http:\/\/www.thebimshop.es\/bim\/software-bim\/medit\/#breadcrumb","itemListElement":[{"@type":"ListItem","position":1,"name":"Home","item":"http:\/\/www.thebimshop.es\/bim\/"},{"@type":"ListItem","position":2,"name":"Software BIM","item":"http:\/\/www.thebimshop.es\/bim\/software-bim\/"},{"@type":"ListItem","position":3,"name":"Medit Mediciones en BIM con REVIT"}]},{"@type":"WebSite","@id":"http:\/\/www.thebimshop.es\/bim\/#website","url":"http:\/\/www.thebimshop.es\/bim\/","name":"theBIMshop.es","description":"La Tienda del BIM, Software, Cursos, Libros BIM, REVIT","potentialAction":[{"@type":"SearchAction","target":{"@type":"EntryPoint","urlTemplate":"http:\/\/www.thebimshop.es\/bim\/?s={search_term_string}"},"query-input":"required name=search_term_string"}],"inLanguage":"es"}]}},"_links":{"self":[{"href":"http:\/\/www.thebimshop.es\/bim\/wp-json\/wp\/v2\/pages\/180"}],"collection":[{"href":"http:\/\/www.thebimshop.es\/bim\/wp-json\/wp\/v2\/pages"}],"about":[{"href":"http:\/\/www.thebimshop.es\/bim\/wp-json\/wp\/v2\/types\/page"}],"author":[{"embeddable":true,"href":"http:\/\/www.thebimshop.es\/bim\/wp-json\/wp\/v2\/users\/1"}],"replies":[{"embeddable":true,"href":"http:\/\/www.thebimshop.es\/bim\/wp-json\/wp\/v2\/comments?post=180"}],"version-history":[{"count":20,"href":"http:\/\/www.thebimshop.es\/bim\/wp-json\/wp\/v2\/pages\/180\/revisions"}],"predecessor-version":[{"id":603,"href":"http:\/\/www.thebimshop.es\/bim\/wp-json\/wp\/v2\/pages\/180\/revisions\/603"}],"up":[{"embeddable":true,"href":"http:\/\/www.thebimshop.es\/bim\/wp-json\/wp\/v2\/pages\/4"}],"wp:attachment":[{"href":"http:\/\/www.thebimshop.es\/bim\/wp-json\/wp\/v2\/media?parent=180"}],"curies":[{"name":"wp","href":"https:\/\/api.w.org\/{rel}","templated":true}]}}